{"id":10015,"date":"2023-12-04T17:50:36","date_gmt":"2023-12-04T20:50:36","guid":{"rendered":"https:\/\/marquesestofados.com.br\/loja\/?post_type=product&#038;p=10015"},"modified":"2024-08-09T07:24:11","modified_gmt":"2024-08-09T10:24:11","slug":"jogo-de-mesas-lateral-tampo-madeira-cor-nosce-com-pe-madeira-cor-preto-2-unidades-pronta-entrega","status":"publish","type":"product","link":"https:\/\/marquesestofados.com.br\/loja\/produto\/jogo-de-mesas-lateral-tampo-madeira-cor-nosce-com-pe-madeira-cor-preto-2-unidades-pronta-entrega\/","title":{"rendered":"Jogo de (2) Mesas Lateral com Base de Madeira cor Preto e com Tampo Madeira Natural cor Nosce Fosco &#8211; PRONTA ENTREGA"},"content":{"rendered":"","protected":false},"excerpt":{"rendered":"<p><span class=\"a-text-bold\">Mesa lateral \u00e9 essencial para completar a decora\u00e7\u00e3o na sala de estar. <\/span>\u00c9 uma pe\u00e7a que agrega mais op\u00e7\u00f5es para explorar a decora\u00e7\u00e3o do ambiente. Com design leve e que se adequa a qualquer estilo.<\/p>\n","protected":false},"featured_media":13124,"comment_status":"open","ping_status":"closed","template":"","meta":[],"product_cat":[141,249],"product_tag":[],"class_list":{"0":"post-10015","1":"product","2":"type-product","3":"status-publish","4":"has-post-thumbnail","6":"product_cat-decoracoes","7":"product_cat-mesa-lateral-apoio","8":"product_shipping_class-pronta-entrega","10":"first","11":"instock","12":"shipping-taxable","13":"purchasable","14":"product-type-simple","15":"col-xs-6 col-sm-4","16":"col-md-3 col-lg-3","17":"un-4-cols"},"_links":{"self":[{"href":"https:\/\/marquesestofados.com.br\/loja\/wp-json\/wp\/v2\/product\/10015","targetHints":{"allow":["GET"]}}],"collection":[{"href":"https:\/\/marquesestofados.com.br\/loja\/wp-json\/wp\/v2\/product"}],"about":[{"href":"https:\/\/marquesestofados.com.br\/loja\/wp-json\/wp\/v2\/types\/product"}],"replies":[{"embeddable":true,"href":"https:\/\/marquesestofados.com.br\/loja\/wp-json\/wp\/v2\/comments?post=10015"}],"wp:featuredmedia":[{"embeddable":true,"href":"https:\/\/marquesestofados.com.br\/loja\/wp-json\/wp\/v2\/media\/13124"}],"wp:attachment":[{"href":"https:\/\/marquesestofados.com.br\/loja\/wp-json\/wp\/v2\/media?parent=10015"}],"wp:term":[{"taxonomy":"product_cat","embeddable":true,"href":"https:\/\/marquesestofados.com.br\/loja\/wp-json\/wp\/v2\/product_cat?post=10015"},{"taxonomy":"product_tag","embeddable":true,"href":"https:\/\/marquesestofados.com.br\/loja\/wp-json\/wp\/v2\/product_tag?post=10015"}],"curies":[{"name":"wp","href":"https:\/\/api.w.org\/{rel}","templated":true}]}}