{"id":10060,"date":"2023-12-13T19:53:05","date_gmt":"2023-12-13T22:53:05","guid":{"rendered":"https:\/\/marquesestofados.com.br\/loja\/?post_type=product&#038;p=10060"},"modified":"2025-11-28T10:48:02","modified_gmt":"2025-11-28T13:48:02","slug":"sofa-living-modelo-curvo-moonlight-com-6-almofadas-redondas-tamanho-290m-em-tecido-linho-cor-cinza-prata-pronta-entrega","status":"publish","type":"product","link":"https:\/\/marquesestofados.com.br\/loja\/produto\/sofa-living-modelo-curvo-moonlight-com-6-almofadas-redondas-tamanho-290m-em-tecido-linho-cor-cinza-prata-pronta-entrega\/","title":{"rendered":"Sofa Living Modelo Curvo MoonLight  Com (6) Almofadas Redondas Tamanho 2,90m em Tecido Linho Cor Cinza Prata &#8211; PRONTA ENTREGA"},"content":{"rendered":"<p>Sof\u00e1 MoonLight \u00e9 uma pe\u00e7a super vers\u00e1til e combina com tudo. Encosto arredondado para dar essa sensa\u00e7\u00e3o de amplitude, detalhes de base de madeira e p\u00e9s cor castanho. Incluso as (6) Almofadas Redondas.<\/p>\n<p>Tem assentos ergon\u00f4micos e firme e encosto fixo com um detalhe nas costas do sof\u00e1 para dar eleg\u00e2ncia total ao ambiente. Lindo revestimento em linho que deixa muito elegante com p\u00e9 madeira, acabamento impec\u00e1vel.<\/p>\n<p><em><strong>Tendencia 2023-2024<\/strong><\/em> Modelos mais org\u00e2nicos sendo Sof\u00e1 Curvo para decora\u00e7\u00e3o<\/p>\n<p>Parece que os dias dos sof\u00e1s retangulares est\u00e3o contados. A moda do m\u00f3vel em formato circular vem ganhando for\u00e7a e \u00e9 vista como uma maneira de dar um toque retr\u00f4 e despojado ao ambiente.<\/p>\n<p>Releitura dos\u00a0sof\u00e1s dos anos 1950, os modelos apareceram em diversos tamanhos e tecidos. Al\u00e9m disso, eles servem para diversos tamanhos de plantas e contam com uma boa pitada de modernidade no design.<\/p>\n<div class=\"_2oxpe\">\n<div id=\"rich-text\">\n<p>Ao contr\u00e1rio do que se pensa, esse tipo de m\u00f3vel n\u00e3o combina apenas com grandes ambiente. O sof\u00e1 curvo pode ser usado pr\u00f3ximo \u00e0s paredes em espa\u00e7os menores e garantir\u00a0mais \u00e1rea de assento.<\/p>\n<\/div>\n<\/div>\n","protected":false},"excerpt":{"rendered":"<p>Sof\u00e1 MoonLight \u00e9 uma pe\u00e7a super vers\u00e1til e combina com tudo. Encosto arredondado para dar essa sensa\u00e7\u00e3o de amplitude, detalhes de base de madeira e p\u00e9s cor castanho.<\/p>\n","protected":false},"featured_media":9676,"comment_status":"open","ping_status":"closed","template":"","meta":[],"product_cat":[127,67],"product_tag":[],"class_list":{"0":"post-10060","1":"product","2":"type-product","3":"status-publish","4":"has-post-thumbnail","6":"product_cat-sofa-living","7":"product_cat-sofas","8":"product_shipping_class-caminhao","10":"first","11":"instock","12":"sale","13":"shipping-taxable","14":"purchasable","15":"product-type-simple","16":"col-xs-6 col-sm-4","17":"col-md-3 col-lg-3","18":"un-4-cols"},"_links":{"self":[{"href":"https:\/\/marquesestofados.com.br\/loja\/wp-json\/wp\/v2\/product\/10060","targetHints":{"allow":["GET"]}}],"collection":[{"href":"https:\/\/marquesestofados.com.br\/loja\/wp-json\/wp\/v2\/product"}],"about":[{"href":"https:\/\/marquesestofados.com.br\/loja\/wp-json\/wp\/v2\/types\/product"}],"replies":[{"embeddable":true,"href":"https:\/\/marquesestofados.com.br\/loja\/wp-json\/wp\/v2\/comments?post=10060"}],"wp:featuredmedia":[{"embeddable":true,"href":"https:\/\/marquesestofados.com.br\/loja\/wp-json\/wp\/v2\/media\/9676"}],"wp:attachment":[{"href":"https:\/\/marquesestofados.com.br\/loja\/wp-json\/wp\/v2\/media?parent=10060"}],"wp:term":[{"taxonomy":"product_cat","embeddable":true,"href":"https:\/\/marquesestofados.com.br\/loja\/wp-json\/wp\/v2\/product_cat?post=10060"},{"taxonomy":"product_tag","embeddable":true,"href":"https:\/\/marquesestofados.com.br\/loja\/wp-json\/wp\/v2\/product_tag?post=10060"}],"curies":[{"name":"wp","href":"https:\/\/api.w.org\/{rel}","templated":true}]}}