{"id":10394,"date":"2024-05-02T15:42:26","date_gmt":"2024-05-02T18:42:26","guid":{"rendered":"https:\/\/marquesestofados.com.br\/loja\/?post_type=product&#038;p=10394"},"modified":"2024-05-02T15:43:01","modified_gmt":"2024-05-02T18:43:01","slug":"sofa-barcelona-4-lugares-tamanho-220m-modelo-retratil-tecido-linho-sintetico-toque-suave-cor-bege-creme-sob-encomenda","status":"publish","type":"product","link":"https:\/\/marquesestofados.com.br\/loja\/produto\/sofa-barcelona-4-lugares-tamanho-220m-modelo-retratil-tecido-linho-sintetico-toque-suave-cor-bege-creme-sob-encomenda\/","title":{"rendered":"Sofa Barcelona 4 Lugares Tamanho 2,20m Modelo Retratil Tecido Linho Sintetico Toque Suave cor Bege Creme &#8211; SOB ENCOMENDA"},"content":{"rendered":"","protected":false},"excerpt":{"rendered":"<div class=\"woocommerce-product-details__short-description\">\n<p>Sof\u00e1 Barcelona \u00e9 \u00f3timo para acomodar as visitas, com espumas firmes nos assentos en molas ensacadas com estruturas resistentes. \u00d3timo para pequenos espa\u00e7os, sendo sof\u00e1 retr\u00e1til para sala de tv.<\/p>\n<p>&nbsp;<\/p>\n<\/div>\n<form class=\"cart\" action=\"https:\/\/marquesestofados.com.br\/lojaproduto\/sofa-retratil-2-lugares-exemplo\/\" enctype=\"multipart\/form-data\" method=\"post\">\n<div class=\"quantity\"><\/div>\n<\/form>\n","protected":false},"featured_media":10214,"comment_status":"open","ping_status":"closed","template":"","meta":[],"product_cat":[126,67],"product_tag":[],"class_list":{"0":"post-10394","1":"product","2":"type-product","3":"status-publish","4":"has-post-thumbnail","6":"product_cat-sofa-retratil","7":"product_cat-sofas","8":"product_shipping_class-caminhao","10":"first","11":"onbackorder","12":"shipping-taxable","13":"purchasable","14":"product-type-simple","15":"col-xs-6 col-sm-4","16":"col-md-3 col-lg-3","17":"un-4-cols"},"_links":{"self":[{"href":"https:\/\/marquesestofados.com.br\/loja\/wp-json\/wp\/v2\/product\/10394","targetHints":{"allow":["GET"]}}],"collection":[{"href":"https:\/\/marquesestofados.com.br\/loja\/wp-json\/wp\/v2\/product"}],"about":[{"href":"https:\/\/marquesestofados.com.br\/loja\/wp-json\/wp\/v2\/types\/product"}],"replies":[{"embeddable":true,"href":"https:\/\/marquesestofados.com.br\/loja\/wp-json\/wp\/v2\/comments?post=10394"}],"wp:featuredmedia":[{"embeddable":true,"href":"https:\/\/marquesestofados.com.br\/loja\/wp-json\/wp\/v2\/media\/10214"}],"wp:attachment":[{"href":"https:\/\/marquesestofados.com.br\/loja\/wp-json\/wp\/v2\/media?parent=10394"}],"wp:term":[{"taxonomy":"product_cat","embeddable":true,"href":"https:\/\/marquesestofados.com.br\/loja\/wp-json\/wp\/v2\/product_cat?post=10394"},{"taxonomy":"product_tag","embeddable":true,"href":"https:\/\/marquesestofados.com.br\/loja\/wp-json\/wp\/v2\/product_tag?post=10394"}],"curies":[{"name":"wp","href":"https:\/\/api.w.org\/{rel}","templated":true}]}}