{"id":10399,"date":"2024-05-09T13:06:36","date_gmt":"2024-05-09T16:06:36","guid":{"rendered":"https:\/\/marquesestofados.com.br\/loja\/?post_type=product&#038;p=10399"},"modified":"2025-11-19T10:12:27","modified_gmt":"2025-11-19T13:12:27","slug":"sofa-retratil-e-reclinavel-4-lugares-tamanho-240m-modelo-roma-tecido-toque-suave-imitacao-de-linho-pronta-entrega","status":"publish","type":"product","link":"https:\/\/marquesestofados.com.br\/loja\/produto\/sofa-retratil-e-reclinavel-4-lugares-tamanho-240m-modelo-roma-tecido-toque-suave-imitacao-de-linho-pronta-entrega\/","title":{"rendered":"OUTLET &#8211; Sof\u00e1 Retratil e Reclinavel 4 Lugares Tamanho 2,40m Modelo Roma Tecido Toque Suave Imita\u00e7\u00e3o de Linho &#8211; PRONTA ENTREGA"},"content":{"rendered":"","protected":false},"excerpt":{"rendered":"<div class=\"woocommerce-product-details__short-description\">\n<p>Sof\u00e1 Roma e \u00f3timo para espa\u00e7os pequenos. Ele permite ter um sof\u00e1 acomodar os integrantes da casa, com espumas firmes nos assentos e estruturas resistentes. Sof\u00e1 retr\u00e1til e reclin\u00e1vel para sala de TV.<\/p>\n<\/div>\n<form class=\"cart\" action=\"https:\/\/marquesestofados.com.br\/lojaproduto\/sofa-retratil-2-lugares-exemplo\/\" enctype=\"multipart\/form-data\" method=\"post\">\n<div class=\"quantity\"><\/div>\n<\/form>\n","protected":false},"featured_media":10411,"comment_status":"open","ping_status":"closed","template":"","meta":[],"product_cat":[157,126,67,180],"product_tag":[],"class_list":{"0":"post-10399","1":"product","2":"type-product","3":"status-publish","4":"has-post-thumbnail","6":"product_cat-outlet","7":"product_cat-sofa-retratil","8":"product_cat-sofas","9":"product_cat-sofas-outlet","10":"product_shipping_class-caminhao","12":"first","13":"instock","14":"sale","15":"shipping-taxable","16":"purchasable","17":"product-type-simple","18":"col-xs-6 col-sm-4","19":"col-md-3 col-lg-3","20":"un-4-cols"},"_links":{"self":[{"href":"https:\/\/marquesestofados.com.br\/loja\/wp-json\/wp\/v2\/product\/10399","targetHints":{"allow":["GET"]}}],"collection":[{"href":"https:\/\/marquesestofados.com.br\/loja\/wp-json\/wp\/v2\/product"}],"about":[{"href":"https:\/\/marquesestofados.com.br\/loja\/wp-json\/wp\/v2\/types\/product"}],"replies":[{"embeddable":true,"href":"https:\/\/marquesestofados.com.br\/loja\/wp-json\/wp\/v2\/comments?post=10399"}],"wp:featuredmedia":[{"embeddable":true,"href":"https:\/\/marquesestofados.com.br\/loja\/wp-json\/wp\/v2\/media\/10411"}],"wp:attachment":[{"href":"https:\/\/marquesestofados.com.br\/loja\/wp-json\/wp\/v2\/media?parent=10399"}],"wp:term":[{"taxonomy":"product_cat","embeddable":true,"href":"https:\/\/marquesestofados.com.br\/loja\/wp-json\/wp\/v2\/product_cat?post=10399"},{"taxonomy":"product_tag","embeddable":true,"href":"https:\/\/marquesestofados.com.br\/loja\/wp-json\/wp\/v2\/product_tag?post=10399"}],"curies":[{"name":"wp","href":"https:\/\/api.w.org\/{rel}","templated":true}]}}