{"id":10579,"date":"2024-06-15T11:07:45","date_gmt":"2024-06-15T14:07:45","guid":{"rendered":"https:\/\/marquesestofados.com.br\/loja\/?post_type=product&#038;p=10579"},"modified":"2024-06-15T11:08:25","modified_gmt":"2024-06-15T14:08:25","slug":"jogo-de-poltronas-antonella-tecido-linho-cor-cru-com-base-e-bracos-de-madeira-clara-sob-encomenda","status":"publish","type":"product","link":"https:\/\/marquesestofados.com.br\/loja\/produto\/jogo-de-poltronas-antonella-tecido-linho-cor-cru-com-base-e-bracos-de-madeira-clara-sob-encomenda\/","title":{"rendered":"Jogo de Poltronas Antonella Tecido Linho Cor Cru com Base e Bra\u00e7os de Madeira Clara &#8211; SOB ENCOMENDA"},"content":{"rendered":"<p>Jogo de Poltronas, eleg\u00e2ncia com bra\u00e7os e p\u00e9s em madeira com conforto encosto m\u00e9dio com a delicadeza de um tecido em combina\u00e7\u00e3o com base de madeira clara. C\u00f3digo do tecido: Algod\u00e3o-1464-D<\/p>\n","protected":false},"excerpt":{"rendered":"<div class=\"woocommerce-product-details__short-description\">\n<p>Jogo de Poltronas, eleg\u00e2ncia com bra\u00e7os e p\u00e9s em madeira com conforto encosto m\u00e9dio.<\/p>\n<\/div>\n","protected":false},"featured_media":8794,"comment_status":"open","ping_status":"closed","template":"","meta":[],"product_cat":[234,113],"product_tag":[],"class_list":{"0":"post-10579","1":"product","2":"type-product","3":"status-publish","4":"has-post-thumbnail","6":"product_cat-poltrona-base-madeira","7":"product_cat-poltronas","8":"product_shipping_class-fabricar-30-dias","10":"first","11":"onbackorder","12":"downloadable","13":"shipping-taxable","14":"purchasable","15":"product-type-simple","16":"col-xs-6 col-sm-4","17":"col-md-3 col-lg-3","18":"un-4-cols"},"_links":{"self":[{"href":"https:\/\/marquesestofados.com.br\/loja\/wp-json\/wp\/v2\/product\/10579","targetHints":{"allow":["GET"]}}],"collection":[{"href":"https:\/\/marquesestofados.com.br\/loja\/wp-json\/wp\/v2\/product"}],"about":[{"href":"https:\/\/marquesestofados.com.br\/loja\/wp-json\/wp\/v2\/types\/product"}],"replies":[{"embeddable":true,"href":"https:\/\/marquesestofados.com.br\/loja\/wp-json\/wp\/v2\/comments?post=10579"}],"wp:featuredmedia":[{"embeddable":true,"href":"https:\/\/marquesestofados.com.br\/loja\/wp-json\/wp\/v2\/media\/8794"}],"wp:attachment":[{"href":"https:\/\/marquesestofados.com.br\/loja\/wp-json\/wp\/v2\/media?parent=10579"}],"wp:term":[{"taxonomy":"product_cat","embeddable":true,"href":"https:\/\/marquesestofados.com.br\/loja\/wp-json\/wp\/v2\/product_cat?post=10579"},{"taxonomy":"product_tag","embeddable":true,"href":"https:\/\/marquesestofados.com.br\/loja\/wp-json\/wp\/v2\/product_tag?post=10579"}],"curies":[{"name":"wp","href":"https:\/\/api.w.org\/{rel}","templated":true}]}}