{"id":10936,"date":"2024-07-04T16:07:15","date_gmt":"2024-07-04T19:07:15","guid":{"rendered":"https:\/\/marquesestofados.com.br\/loja\/?post_type=product&#038;p=10936"},"modified":"2025-04-06T11:11:22","modified_gmt":"2025-04-06T14:11:22","slug":"jogo-de-4-cadeiras-alban-para-sala-de-jantar-com-base-aco-carbono-na-cor-champagne-e-tecido-linho-cor-bege-claro-sob-encomenda","status":"publish","type":"product","link":"https:\/\/marquesestofados.com.br\/loja\/produto\/jogo-de-4-cadeiras-alban-para-sala-de-jantar-com-base-aco-carbono-na-cor-champagne-e-tecido-linho-cor-bege-claro-sob-encomenda\/","title":{"rendered":"Jogo de (4) Cadeiras Alban para Sala de Jantar com Base A\u00e7o Carbono na cor Champagne e Tecido Linho cor Bege Claro &#8211; SOB ENCOMENDA"},"content":{"rendered":"<p>Cadeira Alban \u00e9 uma Cadeira de A\u00e7o Carbono, com estrutura robusta e alta resist\u00eancia. Por isto, pode ser utilizada em \u00e1reas internas como Salas de Jantar, Bares, Escrit\u00f3rios, e \u00e1reas Externas, Varandas e Sacadas desde que seja guardada em local protegido ap\u00f3s o uso.<\/p>\n<p>O que \u00e9 uma cadeira?<\/p>\n<p>Um objeto que serve para sentar, ou melhor, que foi feito para sentar. Uma cadeira tamb\u00e9m serve para ficar em p\u00e9 e alcan\u00e7ar coisas no alto do arm\u00e1rio, apoiar temporariamente mochilas e bolsas ou brincar de nave espacial, mas certamente ela n\u00e3o \u00e9 t\u00e3o adequada para estes usos desviados.<\/p>\n<p>Para que serve uma cadeira na sala de jantar?<\/p>\n<p>Ela d\u00e1 uma eleg\u00e2ncia e estilo que dificilmente pode ser adquirido com outra pe\u00e7a de decora\u00e7\u00e3o e trazem um conforto impar para quem se senta \u00e0 mesa.<\/p>\n","protected":false},"excerpt":{"rendered":"<p>Cadeira Alban \u00e9 uma Cadeira de A\u00e7o Carbono, com estrutura robusta e alta resist\u00eancia. Por isto, pode ser utilizada em \u00e1reas internas como Salas de Jantar.<\/p>\n","protected":false},"featured_media":10941,"comment_status":"open","ping_status":"closed","template":"","meta":[],"product_cat":[259,214],"product_tag":[],"class_list":{"0":"post-10936","1":"product","2":"type-product","3":"status-publish","4":"has-post-thumbnail","6":"product_cat-cadeiras-base-aco-ferro","7":"product_cat-mesas-e-cadeiras","8":"product_shipping_class-fabricar-60-dias","10":"first","11":"onbackorder","12":"sale","13":"shipping-taxable","14":"purchasable","15":"product-type-simple","16":"col-xs-6 col-sm-4","17":"col-md-3 col-lg-3","18":"un-4-cols"},"_links":{"self":[{"href":"https:\/\/marquesestofados.com.br\/loja\/wp-json\/wp\/v2\/product\/10936","targetHints":{"allow":["GET"]}}],"collection":[{"href":"https:\/\/marquesestofados.com.br\/loja\/wp-json\/wp\/v2\/product"}],"about":[{"href":"https:\/\/marquesestofados.com.br\/loja\/wp-json\/wp\/v2\/types\/product"}],"replies":[{"embeddable":true,"href":"https:\/\/marquesestofados.com.br\/loja\/wp-json\/wp\/v2\/comments?post=10936"}],"wp:featuredmedia":[{"embeddable":true,"href":"https:\/\/marquesestofados.com.br\/loja\/wp-json\/wp\/v2\/media\/10941"}],"wp:attachment":[{"href":"https:\/\/marquesestofados.com.br\/loja\/wp-json\/wp\/v2\/media?parent=10936"}],"wp:term":[{"taxonomy":"product_cat","embeddable":true,"href":"https:\/\/marquesestofados.com.br\/loja\/wp-json\/wp\/v2\/product_cat?post=10936"},{"taxonomy":"product_tag","embeddable":true,"href":"https:\/\/marquesestofados.com.br\/loja\/wp-json\/wp\/v2\/product_tag?post=10936"}],"curies":[{"name":"wp","href":"https:\/\/api.w.org\/{rel}","templated":true}]}}