{"id":11046,"date":"2024-07-04T22:02:05","date_gmt":"2024-07-05T01:02:05","guid":{"rendered":"https:\/\/marquesestofados.com.br\/loja\/?post_type=product&#038;p=11046"},"modified":"2024-07-04T22:04:04","modified_gmt":"2024-07-05T01:04:04","slug":"jogo-de-6-cadeiras-para-sala-de-jantar-com-base-pes-de-madeira-e-tecido-toque-aveludado-cor-bege-claro-cru-sob-encomenda","status":"publish","type":"product","link":"https:\/\/marquesestofados.com.br\/loja\/produto\/jogo-de-6-cadeiras-para-sala-de-jantar-com-base-pes-de-madeira-e-tecido-toque-aveludado-cor-bege-claro-cru-sob-encomenda\/","title":{"rendered":"Jogo de (6) Cadeiras para Sala de Jantar com Base P\u00e9s de Madeira e Tecido Toque aveludado Cor Bege claro Cru &#8211; SOB ENCOMENDA"},"content":{"rendered":"","protected":false},"excerpt":{"rendered":"<p>Cadeira de base de madeira para mesa de jantar est\u00e1 entre as mais usadas, isso porque ela \u00e9 bem neutra e se encaixa com facilidade em diferentes estilos de decora\u00e7\u00e3o. Excelente op\u00e7\u00e3o para combinar uma sala de jantar completa com mesa em madeira ou laca.<\/p>\n","protected":false},"featured_media":11048,"comment_status":"open","ping_status":"closed","template":"","meta":[],"product_cat":[215,214],"product_tag":[],"class_list":{"0":"post-11046","1":"product","2":"type-product","3":"status-publish","4":"has-post-thumbnail","6":"product_cat-cadeiras","7":"product_cat-mesas-e-cadeiras","8":"product_shipping_class-fabricar-60-dias","10":"first","11":"onbackorder","12":"shipping-taxable","13":"purchasable","14":"product-type-simple","15":"col-xs-6 col-sm-4","16":"col-md-3 col-lg-3","17":"un-4-cols"},"_links":{"self":[{"href":"https:\/\/marquesestofados.com.br\/loja\/wp-json\/wp\/v2\/product\/11046","targetHints":{"allow":["GET"]}}],"collection":[{"href":"https:\/\/marquesestofados.com.br\/loja\/wp-json\/wp\/v2\/product"}],"about":[{"href":"https:\/\/marquesestofados.com.br\/loja\/wp-json\/wp\/v2\/types\/product"}],"replies":[{"embeddable":true,"href":"https:\/\/marquesestofados.com.br\/loja\/wp-json\/wp\/v2\/comments?post=11046"}],"wp:featuredmedia":[{"embeddable":true,"href":"https:\/\/marquesestofados.com.br\/loja\/wp-json\/wp\/v2\/media\/11048"}],"wp:attachment":[{"href":"https:\/\/marquesestofados.com.br\/loja\/wp-json\/wp\/v2\/media?parent=11046"}],"wp:term":[{"taxonomy":"product_cat","embeddable":true,"href":"https:\/\/marquesestofados.com.br\/loja\/wp-json\/wp\/v2\/product_cat?post=11046"},{"taxonomy":"product_tag","embeddable":true,"href":"https:\/\/marquesestofados.com.br\/loja\/wp-json\/wp\/v2\/product_tag?post=11046"}],"curies":[{"name":"wp","href":"https:\/\/api.w.org\/{rel}","templated":true}]}}