{"id":11137,"date":"2024-07-06T12:11:43","date_gmt":"2024-07-06T15:11:43","guid":{"rendered":"https:\/\/marquesestofados.com.br\/loja\/?post_type=product&#038;p=11137"},"modified":"2025-04-02T09:47:24","modified_gmt":"2025-04-02T12:47:24","slug":"jogo-de-3-banquetas-para-bancada-ou-bistro-modelo-bev-base-de-aco-carbono-cor-dourado-e-tecido-em-linho-soft-cor-bege-claro-palha-sob-encomenda","status":"publish","type":"product","link":"https:\/\/marquesestofados.com.br\/loja\/produto\/jogo-de-3-banquetas-para-bancada-ou-bistro-modelo-bev-base-de-aco-carbono-cor-dourado-e-tecido-em-linho-soft-cor-bege-claro-palha-sob-encomenda\/","title":{"rendered":"Jogo de (3) Banquetas para Bancada ou Bistr\u00f4 Modelo Bev Base de A\u00e7o Carbono cor Dourado e Tecido em Linho Soft cor Bege Claro Palha &#8211; SOB ENCOMENDA"},"content":{"rendered":"<p>Banqueta para Bancada ou Bistr\u00f4 Base de A\u00e7o Carbono.<\/p>\n<p>Usar banquetas na decora\u00e7\u00e3o \u00e9 uma sa\u00edda pr\u00e1tica e cheia de possibilidades para levar mais conforto e funcionalidade aos ambientes residenciais. Elas s\u00e3o objetos vers\u00e1teis e podem ajudar a compor qualquer espa\u00e7o interno ou externo de uma casa, seja qual for o n\u00edvel de formalidade e a tend\u00eancia decorativa predominante. Refor\u00e7ada<\/p>\n<p>Banqueta e Sin\u00f4nimo de versatilidade, as banquetas v\u00eam se consolidando com um importante elemento no dia-a-dia. Elas se adaptam facilmente a qualquer ambiente, tornando sua decora\u00e7\u00e3o confort\u00e1vel, charmosa e funcional.<\/p>\n<div>\n<div class=\"dnXCYb\" tabindex=\"0\" role=\"button\" aria-controls=\"_yeqiZIndOIrC5OUPpLSNmA4_38\" aria-expanded=\"true\" data-hveid=\"CB4QAQ\">\n<div class=\"L3Ezfd\" data-ved=\"2ahUKEwjJ5d7Y7vL_AhUKIbkGHSRaA-MQuk56BAgeEAI\">Qual a altura ideal para a banqueta?<\/div>\n<\/div>\n<\/div>\n<div id=\"_yeqiZIndOIrC5OUPpLSNmA4_38\" class=\"bCOlv\" data-ved=\"2ahUKEwjJ5d7Y7vL_AhUKIbkGHSRaA-MQ7NUEegQIHhAE\">\n<div class=\"IZE3Td\">\n<div class=\"t0bRye r2fjmd\" data-hveid=\"CB4QBQ\" data-ved=\"2ahUKEwjJ5d7Y7vL_AhUKIbkGHSRaA-MQu04oAHoECB4QBQ\">\n<div id=\"yeqiZIndOIrC5OUPpLSNmA4__14\">\n<div class=\"wDYxhc\" data-md=\"83\">\n<div class=\"di3YZe\">\n<div class=\"RqBzHd\">\n<ul class=\"i8Z77e\">\n<li class=\"TrT0Xe\">Bancadas:\u00a0altura\u00a0de 90 cm a 99 cm \u2013\u00a0Banquetas: de 60 cm a 75 cm do ch\u00e3o;<\/li>\n<li class=\"TrT0Xe\">Mesas Bistr\u00f4:\u00a0altura\u00a099 cm a 110 cm \u2013\u00a0Banquetas: de 70 cm a 80 cm do ch\u00e3<\/li>\n<\/ul>\n<\/div>\n<\/div>\n<\/div>\n<\/div>\n<\/div>\n<\/div>\n<\/div>\n","protected":false},"excerpt":{"rendered":"<p>Banqueta para Bancada ou Bistr\u00f4 Base de A\u00e7o Carbono.<\/p>\n<p>&nbsp;<\/p>\n","protected":false},"featured_media":11138,"comment_status":"open","ping_status":"closed","template":"","meta":[],"product_cat":[258,214],"product_tag":[],"class_list":{"0":"post-11137","1":"product","2":"type-product","3":"status-publish","4":"has-post-thumbnail","6":"product_cat-banquetas-base-aco-ferro","7":"product_cat-mesas-e-cadeiras","8":"product_shipping_class-fabricar-60-dias","10":"first","11":"onbackorder","12":"sale","13":"shipping-taxable","14":"purchasable","15":"product-type-simple","16":"col-xs-6 col-sm-4","17":"col-md-3 col-lg-3","18":"un-4-cols"},"_links":{"self":[{"href":"https:\/\/marquesestofados.com.br\/loja\/wp-json\/wp\/v2\/product\/11137","targetHints":{"allow":["GET"]}}],"collection":[{"href":"https:\/\/marquesestofados.com.br\/loja\/wp-json\/wp\/v2\/product"}],"about":[{"href":"https:\/\/marquesestofados.com.br\/loja\/wp-json\/wp\/v2\/types\/product"}],"replies":[{"embeddable":true,"href":"https:\/\/marquesestofados.com.br\/loja\/wp-json\/wp\/v2\/comments?post=11137"}],"wp:featuredmedia":[{"embeddable":true,"href":"https:\/\/marquesestofados.com.br\/loja\/wp-json\/wp\/v2\/media\/11138"}],"wp:attachment":[{"href":"https:\/\/marquesestofados.com.br\/loja\/wp-json\/wp\/v2\/media?parent=11137"}],"wp:term":[{"taxonomy":"product_cat","embeddable":true,"href":"https:\/\/marquesestofados.com.br\/loja\/wp-json\/wp\/v2\/product_cat?post=11137"},{"taxonomy":"product_tag","embeddable":true,"href":"https:\/\/marquesestofados.com.br\/loja\/wp-json\/wp\/v2\/product_tag?post=11137"}],"curies":[{"name":"wp","href":"https:\/\/api.w.org\/{rel}","templated":true}]}}