{"id":11973,"date":"2024-07-26T15:19:04","date_gmt":"2024-07-26T18:19:04","guid":{"rendered":"https:\/\/marquesestofados.com.br\/loja\/?post_type=product&#038;p=11973"},"modified":"2024-07-26T15:45:25","modified_gmt":"2024-07-26T18:45:25","slug":"jogo-de-2-poltronas-encosto-medio-modelo-loa-base-torneada-de-madeira-tauari-cor-madeira-natural-com-detalhes-em-cordas-com-tecido-linho-cor-bege-cru-sob-encomenda","status":"publish","type":"product","link":"https:\/\/marquesestofados.com.br\/loja\/produto\/jogo-de-2-poltronas-encosto-medio-modelo-loa-base-torneada-de-madeira-tauari-cor-madeira-natural-com-detalhes-em-cordas-com-tecido-linho-cor-bege-cru-sob-encomenda\/","title":{"rendered":"Jogo de (2) Poltronas Encosto Medio Modelo Loa Base Torneada de Madeira Tauari cor Madeira Natural com Detalhes em Cordas com Tecido Linho cor Bege Cru &#8211; SOB ENCOMENDA"},"content":{"rendered":"<p>Poltrona Encosto M\u00e9dio Loa com base torneada de madeira tauari e detalhes nas costas e bra\u00e7os de cordas em combina\u00e7\u00e3o com cor madeira natural, conforto de poltrona com encosto m\u00e9dio e base de madeira refor\u00e7ada. Perfeita para quartos de \u00e1rea de leitura ou salas de estar.<\/p>\n<p>Para que serve a poltrona?<\/p>\n<div id=\"_cMWqZOPEHZ_95OUP7aaF6Ac_40\" class=\"bCOlv\" data-ved=\"2ahUKEwjjvL6Z7IGAAxWfPrkGHW1TAX0Q7NUEegQIGxAE\">\n<div class=\"IZE3Td\">\n<div class=\"t0bRye r2fjmd\" data-hveid=\"CBsQBQ\" data-ved=\"2ahUKEwjjvL6Z7IGAAxWfPrkGHW1TAX0Qu04oAHoECBsQBQ\">\n<div id=\"cMWqZOPEHZ_95OUP7aaF6Ac__23\">\n<div class=\"wDYxhc\" data-md=\"61\">\n<div class=\"LGOjhe\" role=\"heading\" data-attrid=\"wa:\/description\" aria-level=\"3\" data-hveid=\"CBgQAA\"><span class=\"ILfuVd\" lang=\"pt\"><span class=\"hgKElc\">Poltrona \u00e9 uma pe\u00e7a que n\u00e3o pode ficar de fora da sua decora\u00e7\u00e3o. Poltronas\u00a0servem para complementar lugares, ocupar espa\u00e7os vazios, seja ele no canto do quarto ou ao lado do sof\u00e1 na sala.<\/span><\/span><\/div>\n<div role=\"heading\" data-attrid=\"wa:\/description\" aria-level=\"3\" data-hveid=\"CBgQAA\"><\/div>\n<\/div>\n<\/div>\n<\/div>\n<\/div>\n<\/div>\n<p>Qual \u00e9 a diferen\u00e7a entre poltrona e cadeira?<\/p>\n<p>Enquanto as cadeiras com bra\u00e7o se destacam por sua multifuncionalidade, as poltronas t\u00eam como caracter\u00edstica predominante o conforto e o aconchego, sem contar que agregam ainda mais beleza nos ambientes.<\/p>\n","protected":false},"excerpt":{"rendered":"<p>Poltrona Encosto baixo com base de madeira refor\u00e7ada de tauari cor madeira natural e detalhes em corda nos bra\u00e7os e costas. Conforto, encosto baixo e base de madeira. Perfeita para quartos de \u00e1rea de leitura ou salas de estar.<\/p>\n","protected":false},"featured_media":11975,"comment_status":"open","ping_status":"closed","template":"","meta":[],"product_cat":[234,113],"product_tag":[],"class_list":{"0":"post-11973","1":"product","2":"type-product","3":"status-publish","4":"has-post-thumbnail","6":"product_cat-poltrona-base-madeira","7":"product_cat-poltronas","8":"product_shipping_class-fabricar-60-dias","10":"first","11":"onbackorder","12":"shipping-taxable","13":"purchasable","14":"product-type-simple","15":"col-xs-6 col-sm-4","16":"col-md-3 col-lg-3","17":"un-4-cols"},"_links":{"self":[{"href":"https:\/\/marquesestofados.com.br\/loja\/wp-json\/wp\/v2\/product\/11973","targetHints":{"allow":["GET"]}}],"collection":[{"href":"https:\/\/marquesestofados.com.br\/loja\/wp-json\/wp\/v2\/product"}],"about":[{"href":"https:\/\/marquesestofados.com.br\/loja\/wp-json\/wp\/v2\/types\/product"}],"replies":[{"embeddable":true,"href":"https:\/\/marquesestofados.com.br\/loja\/wp-json\/wp\/v2\/comments?post=11973"}],"wp:featuredmedia":[{"embeddable":true,"href":"https:\/\/marquesestofados.com.br\/loja\/wp-json\/wp\/v2\/media\/11975"}],"wp:attachment":[{"href":"https:\/\/marquesestofados.com.br\/loja\/wp-json\/wp\/v2\/media?parent=11973"}],"wp:term":[{"taxonomy":"product_cat","embeddable":true,"href":"https:\/\/marquesestofados.com.br\/loja\/wp-json\/wp\/v2\/product_cat?post=11973"},{"taxonomy":"product_tag","embeddable":true,"href":"https:\/\/marquesestofados.com.br\/loja\/wp-json\/wp\/v2\/product_tag?post=11973"}],"curies":[{"name":"wp","href":"https:\/\/api.w.org\/{rel}","templated":true}]}}