{"id":12102,"date":"2024-07-27T18:26:23","date_gmt":"2024-07-27T21:26:23","guid":{"rendered":"https:\/\/marquesestofados.com.br\/loja\/?post_type=product&#038;p=12102"},"modified":"2024-07-27T19:20:14","modified_gmt":"2024-07-27T22:20:14","slug":"sofa-living-com-chaise-longe-modelo-hugo-tamanho-280x90-com-pes-base-de-madeira-tauari-cor-madeira-natural-castanho-e-tecido-linho-cor-white-nata-sob-encomenda","status":"publish","type":"product","link":"https:\/\/marquesestofados.com.br\/loja\/produto\/sofa-living-com-chaise-longe-modelo-hugo-tamanho-280x90-com-pes-base-de-madeira-tauari-cor-madeira-natural-castanho-e-tecido-linho-cor-white-nata-sob-encomenda\/","title":{"rendered":"Sofa Living Modular com Chaise Longe Modelo Hugo Tamanho 280&#215;90 com Pes\/Base de Madeira Tauari cor Madeira Natural Castanho e Tecido Linho cor White\/Nata &#8211; SOB ENCOMENDA"},"content":{"rendered":"<p>Sof\u00e1 Living Modelo Hugo com base\/p\u00e9s\u00a0 de madeira natural tauari na cor castanho com um tecido linho cor white\/nata com encosto baixo m\u00e9dio ideal para salas. Conforto de sof\u00e1 com encosto baixo e base de madeira refor\u00e7ada, perfeita para sala living \/ salas de estar.<\/p>\n<p>Sof\u00e1 Modelo Hugo e sin\u00f4nimo de conforto qualidade com seu formato de madeira maci\u00e7a de tauari torneada com estilo com bra\u00e7os em conjunto com as almofadas, deixando o sof\u00e1 mais moderno e com muita classe.<\/p>\n<p>Uma tendencia que sempre e atual e a presen\u00e7a dos m\u00f3veis de madeira em ambientes decorados \u00e9 quase uma constante. Sua durabilidade \u00e9 o principal atrativo j\u00e1 que podem passar de gera\u00e7\u00e3o em gera\u00e7\u00e3o se forem bem cuidados.<\/p>\n<p>A madeira natural transmite uma sensa\u00e7\u00e3o de aconchego e cria uma atmosfera acolhedora e calorosa. A madeira natural \u00e9 um material intemporal que se adapta a uma vasta gama de estilos decorativos, desde o estilo r\u00fastico e n\u00f3rdico ao moderno e minimalista.<\/p>\n","protected":false},"excerpt":{"rendered":"<p>Sof\u00e1 Living Modular Modelo Hugo \u00e9 uma pe\u00e7a super vers\u00e1til e combina com tudo. Tem assentos ergon\u00f4micos e macios almofadas soltas no encosto em fibra siliconada e assento com camada de soft para maior conforto e nos bra\u00e7os um detalhe de cinta com couro ecol\u00f3gico. P\u00e9s altos para facilidade de limpeza. Lindo revestimento em linho que deixa muito elegante.<\/p>\n","protected":false},"featured_media":12104,"comment_status":"open","ping_status":"closed","template":"","meta":[],"product_cat":[127,67],"product_tag":[],"class_list":{"0":"post-12102","1":"product","2":"type-product","3":"status-publish","4":"has-post-thumbnail","6":"product_cat-sofa-living","7":"product_cat-sofas","8":"product_shipping_class-fabricar-60-dias","10":"first","11":"onbackorder","12":"shipping-taxable","13":"purchasable","14":"product-type-simple","15":"col-xs-6 col-sm-4","16":"col-md-3 col-lg-3","17":"un-4-cols"},"_links":{"self":[{"href":"https:\/\/marquesestofados.com.br\/loja\/wp-json\/wp\/v2\/product\/12102","targetHints":{"allow":["GET"]}}],"collection":[{"href":"https:\/\/marquesestofados.com.br\/loja\/wp-json\/wp\/v2\/product"}],"about":[{"href":"https:\/\/marquesestofados.com.br\/loja\/wp-json\/wp\/v2\/types\/product"}],"replies":[{"embeddable":true,"href":"https:\/\/marquesestofados.com.br\/loja\/wp-json\/wp\/v2\/comments?post=12102"}],"wp:featuredmedia":[{"embeddable":true,"href":"https:\/\/marquesestofados.com.br\/loja\/wp-json\/wp\/v2\/media\/12104"}],"wp:attachment":[{"href":"https:\/\/marquesestofados.com.br\/loja\/wp-json\/wp\/v2\/media?parent=12102"}],"wp:term":[{"taxonomy":"product_cat","embeddable":true,"href":"https:\/\/marquesestofados.com.br\/loja\/wp-json\/wp\/v2\/product_cat?post=12102"},{"taxonomy":"product_tag","embeddable":true,"href":"https:\/\/marquesestofados.com.br\/loja\/wp-json\/wp\/v2\/product_tag?post=12102"}],"curies":[{"name":"wp","href":"https:\/\/api.w.org\/{rel}","templated":true}]}}