{"id":12152,"date":"2024-07-28T11:43:50","date_gmt":"2024-07-28T14:43:50","guid":{"rendered":"https:\/\/marquesestofados.com.br\/loja\/?post_type=product&#038;p=12152"},"modified":"2024-07-28T21:26:36","modified_gmt":"2024-07-29T00:26:36","slug":"cadeira-bergamo-para-sala-de-jantar-com-base-torneada-madeira-tauari-cor-natural-castanho-e-tecido-veludo-boucle-cor-white-nata-sob-encomenda","status":"publish","type":"product","link":"https:\/\/marquesestofados.com.br\/loja\/produto\/cadeira-bergamo-para-sala-de-jantar-com-base-torneada-madeira-tauari-cor-natural-castanho-e-tecido-veludo-boucle-cor-white-nata-sob-encomenda\/","title":{"rendered":"Cadeira Bergamo para Sala de Jantar com Base Torneada Madeira Tauari cor Natural Castanho e Tecido Veludo Boucle cor White\/Nata &#8211; SOB ENCOMENDA"},"content":{"rendered":"","protected":false},"excerpt":{"rendered":"<p><strong>Cadeira<\/strong> de base de madeira para mesa de jantar est\u00e1 entre as mais usadas, isso porque ela \u00e9 bem neutra e se encaixa com facilidade em diferentes estilos de decora\u00e7\u00e3o. Excelente op\u00e7\u00e3o para combinar uma sala de jantar completa com mesa em madeira ou laca.<\/p>\n","protected":false},"featured_media":12158,"comment_status":"open","ping_status":"closed","template":"","meta":[],"product_cat":[215,214],"product_tag":[],"class_list":{"0":"post-12152","1":"product","2":"type-product","3":"status-publish","4":"has-post-thumbnail","6":"product_cat-cadeiras","7":"product_cat-mesas-e-cadeiras","8":"product_shipping_class-fabricar-60-dias","10":"first","11":"onbackorder","12":"shipping-taxable","13":"purchasable","14":"product-type-simple","15":"col-xs-6 col-sm-4","16":"col-md-3 col-lg-3","17":"un-4-cols"},"_links":{"self":[{"href":"https:\/\/marquesestofados.com.br\/loja\/wp-json\/wp\/v2\/product\/12152","targetHints":{"allow":["GET"]}}],"collection":[{"href":"https:\/\/marquesestofados.com.br\/loja\/wp-json\/wp\/v2\/product"}],"about":[{"href":"https:\/\/marquesestofados.com.br\/loja\/wp-json\/wp\/v2\/types\/product"}],"replies":[{"embeddable":true,"href":"https:\/\/marquesestofados.com.br\/loja\/wp-json\/wp\/v2\/comments?post=12152"}],"wp:featuredmedia":[{"embeddable":true,"href":"https:\/\/marquesestofados.com.br\/loja\/wp-json\/wp\/v2\/media\/12158"}],"wp:attachment":[{"href":"https:\/\/marquesestofados.com.br\/loja\/wp-json\/wp\/v2\/media?parent=12152"}],"wp:term":[{"taxonomy":"product_cat","embeddable":true,"href":"https:\/\/marquesestofados.com.br\/loja\/wp-json\/wp\/v2\/product_cat?post=12152"},{"taxonomy":"product_tag","embeddable":true,"href":"https:\/\/marquesestofados.com.br\/loja\/wp-json\/wp\/v2\/product_tag?post=12152"}],"curies":[{"name":"wp","href":"https:\/\/api.w.org\/{rel}","templated":true}]}}