{"id":12379,"date":"2024-07-30T18:08:21","date_gmt":"2024-07-30T21:08:21","guid":{"rendered":"https:\/\/marquesestofados.com.br\/loja\/?post_type=product&#038;p=12379"},"modified":"2024-07-30T18:12:13","modified_gmt":"2024-07-30T21:12:13","slug":"mesa-semi-oval-para-10-a-12-lugares-sala-de-jantar-toscana-tamanho-270x120-com-base-cor-madeira-tauari-natural-e-no-tampo-mdf-laminado-alta-resistencia-sob-encomenda","status":"publish","type":"product","link":"https:\/\/marquesestofados.com.br\/loja\/produto\/mesa-semi-oval-para-10-a-12-lugares-sala-de-jantar-toscana-tamanho-270x120-com-base-cor-madeira-tauari-natural-e-no-tampo-mdf-laminado-alta-resistencia-sob-encomenda\/","title":{"rendered":"Mesa Semi Oval para 10 a 12 Lugares Sala de Jantar Toscana Tamanho 270&#215;120 com Base cor Madeira Tauari Natural e no Tampo MDF Laminado Alta Resistencia &#8211; SOB ENCOMENDA"},"content":{"rendered":"<p>Mesa de Sala de Jantar, modelo semi oval de madeira sempre atemporal. A estrutura em madeira maci\u00e7a p\u00e9s de madeira maci\u00e7a tauari e tampo laminado de MDF de alta resistencia, garantindo beleza e durabilidade. Ideal para compor uma sala de jantar elegante e aconchegante, a mesa de jantar para at\u00e9 10 a 12 lugares.<\/p>\n<p>Qual a fun\u00e7\u00e3o da mesa de jantar?<\/p>\n<p>A mesa de jantar \u00e9 um dos m\u00f3veis mais emblem\u00e1ticos da casa. Al\u00e9m de uma pe\u00e7a feita para acomodar as pessoas nos momentos de refei\u00e7\u00e3o, ela \u00e9 um elemento importante para confraterniza\u00e7\u00e3o. Basta lembrar que muitas mem\u00f3rias afetivas s\u00e3o constru\u00eddas ao redor desse m\u00f3vel que, mais do que bonito, precisa ser funcional.<\/p>\n<p>A mesa \u00e9 o m\u00f3vel mais importante da sala de jantar:\u00a0\u00e9 nele que as pessoas v\u00e3o se reunir para provar pratos e fazer suas refei\u00e7\u00f5es di\u00e1rias<\/p>\n<p>A mesa de jantar\u00a0carrega um simbolismo de amizade e comunh\u00e3o, que atravessou s\u00e9culos de hist\u00f3ria. E isso se deve porque, em tempos e culturas diversas, este m\u00f3vel sempre se destacou por ser um espa\u00e7o de conviv\u00eancia entre as fam\u00edlias e de recep\u00e7\u00e3o dos amigo<\/p>\n","protected":false},"excerpt":{"rendered":"<p>Mesa Modelo Oval para Sala de Jantar, modelo sempre atemporal.<\/p>\n","protected":false},"featured_media":12380,"comment_status":"open","ping_status":"closed","template":"","meta":[],"product_cat":[263,229,214],"product_tag":[],"class_list":{"0":"post-12379","1":"product","2":"type-product","3":"status-publish","4":"has-post-thumbnail","6":"product_cat-mesa-de-jantar-10-lug-ou","7":"product_cat-mesa-sala-jantar","8":"product_cat-mesas-e-cadeiras","9":"product_shipping_class-fabricar-60-dias","11":"first","12":"onbackorder","13":"shipping-taxable","14":"purchasable","15":"product-type-simple","16":"col-xs-6 col-sm-4","17":"col-md-3 col-lg-3","18":"un-4-cols"},"_links":{"self":[{"href":"https:\/\/marquesestofados.com.br\/loja\/wp-json\/wp\/v2\/product\/12379","targetHints":{"allow":["GET"]}}],"collection":[{"href":"https:\/\/marquesestofados.com.br\/loja\/wp-json\/wp\/v2\/product"}],"about":[{"href":"https:\/\/marquesestofados.com.br\/loja\/wp-json\/wp\/v2\/types\/product"}],"replies":[{"embeddable":true,"href":"https:\/\/marquesestofados.com.br\/loja\/wp-json\/wp\/v2\/comments?post=12379"}],"wp:featuredmedia":[{"embeddable":true,"href":"https:\/\/marquesestofados.com.br\/loja\/wp-json\/wp\/v2\/media\/12380"}],"wp:attachment":[{"href":"https:\/\/marquesestofados.com.br\/loja\/wp-json\/wp\/v2\/media?parent=12379"}],"wp:term":[{"taxonomy":"product_cat","embeddable":true,"href":"https:\/\/marquesestofados.com.br\/loja\/wp-json\/wp\/v2\/product_cat?post=12379"},{"taxonomy":"product_tag","embeddable":true,"href":"https:\/\/marquesestofados.com.br\/loja\/wp-json\/wp\/v2\/product_tag?post=12379"}],"curies":[{"name":"wp","href":"https:\/\/api.w.org\/{rel}","templated":true}]}}