{"id":12392,"date":"2024-07-30T20:09:55","date_gmt":"2024-07-30T23:09:55","guid":{"rendered":"https:\/\/marquesestofados.com.br\/loja\/?post_type=product&#038;p=12392"},"modified":"2024-07-31T08:38:23","modified_gmt":"2024-07-31T11:38:23","slug":"jogo-de-2-mesas-de-centro-base-torneada-reforcada-de-madeira-macica-tauari-cor-natural-nosce-fosco-sob-encomenda","status":"publish","type":"product","link":"https:\/\/marquesestofados.com.br\/loja\/produto\/jogo-de-2-mesas-de-centro-base-torneada-reforcada-de-madeira-macica-tauari-cor-natural-nosce-fosco-sob-encomenda\/","title":{"rendered":"Jogo de (2) Mesas de Centro Modelo Manu Base Torneada Refor\u00e7ada de Madeira Maci\u00e7a Tauari cor Natural Nosce Fosco &#8211; SOB ENCOMENDA"},"content":{"rendered":"","protected":false},"excerpt":{"rendered":"<p><span class=\"a-text-bold\">Jogo de mesas de centro \u00e9 essencial para completar a decora\u00e7\u00e3o na sala de estar. <\/span>\u00c9 uma pe\u00e7a que agrega mais op\u00e7\u00f5es para explorar a decora\u00e7\u00e3o do ambiente. Com design leve e que se adequa a qualquer estilo.<\/p>\n","protected":false},"featured_media":12394,"comment_status":"open","ping_status":"closed","template":"","meta":[],"product_cat":[141,248],"product_tag":[],"class_list":{"0":"post-12392","1":"product","2":"type-product","3":"status-publish","4":"has-post-thumbnail","6":"product_cat-decoracoes","7":"product_cat-mesa-de-centro","8":"product_shipping_class-fabricar-60-dias","10":"first","11":"onbackorder","12":"shipping-taxable","13":"purchasable","14":"product-type-simple","15":"col-xs-6 col-sm-4","16":"col-md-3 col-lg-3","17":"un-4-cols"},"_links":{"self":[{"href":"https:\/\/marquesestofados.com.br\/loja\/wp-json\/wp\/v2\/product\/12392","targetHints":{"allow":["GET"]}}],"collection":[{"href":"https:\/\/marquesestofados.com.br\/loja\/wp-json\/wp\/v2\/product"}],"about":[{"href":"https:\/\/marquesestofados.com.br\/loja\/wp-json\/wp\/v2\/types\/product"}],"replies":[{"embeddable":true,"href":"https:\/\/marquesestofados.com.br\/loja\/wp-json\/wp\/v2\/comments?post=12392"}],"wp:featuredmedia":[{"embeddable":true,"href":"https:\/\/marquesestofados.com.br\/loja\/wp-json\/wp\/v2\/media\/12394"}],"wp:attachment":[{"href":"https:\/\/marquesestofados.com.br\/loja\/wp-json\/wp\/v2\/media?parent=12392"}],"wp:term":[{"taxonomy":"product_cat","embeddable":true,"href":"https:\/\/marquesestofados.com.br\/loja\/wp-json\/wp\/v2\/product_cat?post=12392"},{"taxonomy":"product_tag","embeddable":true,"href":"https:\/\/marquesestofados.com.br\/loja\/wp-json\/wp\/v2\/product_tag?post=12392"}],"curies":[{"name":"wp","href":"https:\/\/api.w.org\/{rel}","templated":true}]}}