{"id":13114,"date":"2024-08-07T09:24:35","date_gmt":"2024-08-07T12:24:35","guid":{"rendered":"https:\/\/marquesestofados.com.br\/loja\/?post_type=product&#038;p=13114"},"modified":"2024-08-07T16:20:26","modified_gmt":"2024-08-07T19:20:26","slug":"mesa-de-centro-estilo-moderno-com-a-base-de-aco-carbono-cor-preto-com-tampo-madeira-cor-preto-fosco-pronta-entrega","status":"publish","type":"product","link":"https:\/\/marquesestofados.com.br\/loja\/produto\/mesa-de-centro-estilo-moderno-com-a-base-de-aco-carbono-cor-preto-com-tampo-madeira-cor-preto-fosco-pronta-entrega\/","title":{"rendered":"Mesa de Centro Estilo Moderno com a Base de A\u00e7o Carbono cor Preto com Tampo Madeira cor Preto Fosco &#8211; PRONTA ENTREGA"},"content":{"rendered":"","protected":false},"excerpt":{"rendered":"<p><span class=\"a-text-bold\">Jogo de mesas de centro \u00e9 essencial para completar a decora\u00e7\u00e3o na sala de estar. <\/span>\u00c9 uma pe\u00e7a que agrega mais op\u00e7\u00f5es para explorar a decora\u00e7\u00e3o do ambiente. Com design leve e que se adequa a qualquer estilo.<\/p>\n","protected":false},"featured_media":13115,"comment_status":"open","ping_status":"closed","template":"","meta":[],"product_cat":[141,248],"product_tag":[],"class_list":{"0":"post-13114","1":"product","2":"type-product","3":"status-publish","4":"has-post-thumbnail","6":"product_cat-decoracoes","7":"product_cat-mesa-de-centro","8":"product_shipping_class-pronta-entrega","10":"first","11":"instock","12":"shipping-taxable","13":"purchasable","14":"product-type-simple","15":"col-xs-6 col-sm-4","16":"col-md-3 col-lg-3","17":"un-4-cols"},"_links":{"self":[{"href":"https:\/\/marquesestofados.com.br\/loja\/wp-json\/wp\/v2\/product\/13114","targetHints":{"allow":["GET"]}}],"collection":[{"href":"https:\/\/marquesestofados.com.br\/loja\/wp-json\/wp\/v2\/product"}],"about":[{"href":"https:\/\/marquesestofados.com.br\/loja\/wp-json\/wp\/v2\/types\/product"}],"replies":[{"embeddable":true,"href":"https:\/\/marquesestofados.com.br\/loja\/wp-json\/wp\/v2\/comments?post=13114"}],"wp:featuredmedia":[{"embeddable":true,"href":"https:\/\/marquesestofados.com.br\/loja\/wp-json\/wp\/v2\/media\/13115"}],"wp:attachment":[{"href":"https:\/\/marquesestofados.com.br\/loja\/wp-json\/wp\/v2\/media?parent=13114"}],"wp:term":[{"taxonomy":"product_cat","embeddable":true,"href":"https:\/\/marquesestofados.com.br\/loja\/wp-json\/wp\/v2\/product_cat?post=13114"},{"taxonomy":"product_tag","embeddable":true,"href":"https:\/\/marquesestofados.com.br\/loja\/wp-json\/wp\/v2\/product_tag?post=13114"}],"curies":[{"name":"wp","href":"https:\/\/api.w.org\/{rel}","templated":true}]}}