{"id":15580,"date":"2024-11-29T12:17:07","date_gmt":"2024-11-29T15:17:07","guid":{"rendered":"https:\/\/marquesestofados.com.br\/loja\/?post_type=product&#038;p=15580"},"modified":"2024-12-05T12:22:10","modified_gmt":"2024-12-05T15:22:10","slug":"sofa-living-modelo-montreal-3-lugares-tamanho-200m-com-altura-do-pe-alto-de-15cm-tecido-linho-cores-sob-encomenda","status":"publish","type":"product","link":"https:\/\/marquesestofados.com.br\/loja\/produto\/sofa-living-modelo-montreal-3-lugares-tamanho-200m-com-altura-do-pe-alto-de-15cm-tecido-linho-cores-sob-encomenda\/","title":{"rendered":"Sof\u00e1 Living Modelo Montreal 3 Lugares Tamanho 2,00m com Altura do p\u00e9 alto de 15cm Tecido Linho (CORES) &#8211; SOB ENCOMENDA"},"content":{"rendered":"","protected":false},"excerpt":{"rendered":"<p>Sof\u00e1 Montreal \u00e9 uma pe\u00e7a super vers\u00e1til e combina com tudo . Tem assentos ergon\u00f4micos e macios almofadas soltas no encosto em fibra siliconada . Lindo revestimento em linho que deixa muito elegante com p\u00e9 mais alto que permite realizar uma limpeza f\u00e1cil.<\/p>\n","protected":false},"featured_media":15526,"comment_status":"open","ping_status":"closed","template":"","meta":[],"product_cat":[127,67],"product_tag":[],"class_list":{"0":"post-15580","1":"product","2":"type-product","3":"status-publish","4":"has-post-thumbnail","6":"product_cat-sofa-living","7":"product_cat-sofas","8":"product_shipping_class-fabricar-30-dias","10":"first","11":"onbackorder","12":"sale","13":"shipping-taxable","14":"purchasable","15":"product-type-variable","16":"col-xs-6 col-sm-4","17":"col-md-3 col-lg-3","18":"un-4-cols"},"_links":{"self":[{"href":"https:\/\/marquesestofados.com.br\/loja\/wp-json\/wp\/v2\/product\/15580","targetHints":{"allow":["GET"]}}],"collection":[{"href":"https:\/\/marquesestofados.com.br\/loja\/wp-json\/wp\/v2\/product"}],"about":[{"href":"https:\/\/marquesestofados.com.br\/loja\/wp-json\/wp\/v2\/types\/product"}],"replies":[{"embeddable":true,"href":"https:\/\/marquesestofados.com.br\/loja\/wp-json\/wp\/v2\/comments?post=15580"}],"wp:featuredmedia":[{"embeddable":true,"href":"https:\/\/marquesestofados.com.br\/loja\/wp-json\/wp\/v2\/media\/15526"}],"wp:attachment":[{"href":"https:\/\/marquesestofados.com.br\/loja\/wp-json\/wp\/v2\/media?parent=15580"}],"wp:term":[{"taxonomy":"product_cat","embeddable":true,"href":"https:\/\/marquesestofados.com.br\/loja\/wp-json\/wp\/v2\/product_cat?post=15580"},{"taxonomy":"product_tag","embeddable":true,"href":"https:\/\/marquesestofados.com.br\/loja\/wp-json\/wp\/v2\/product_tag?post=15580"}],"curies":[{"name":"wp","href":"https:\/\/api.w.org\/{rel}","templated":true}]}}