{"id":15624,"date":"2024-12-09T06:23:48","date_gmt":"2024-12-09T09:23:48","guid":{"rendered":"https:\/\/marquesestofados.com.br\/loja\/?post_type=product&#038;p=15624"},"modified":"2024-12-09T07:32:22","modified_gmt":"2024-12-09T10:32:22","slug":"sofa-cama-modelo-verona-tamanhos-130-140-160-180m-tecido-linho-com-toque-soft-cores-sob-encomenda","status":"publish","type":"product","link":"https:\/\/marquesestofados.com.br\/loja\/produto\/sofa-cama-modelo-verona-tamanhos-130-140-160-180m-tecido-linho-com-toque-soft-cores-sob-encomenda\/","title":{"rendered":"Sof\u00e1 Cama Modelo Verona Tamanhos 1,30\/1,40\/1,60\/1,80m Tecido Linho com Toque Soft (CORES) &#8211; SOB ENCOMENDA"},"content":{"rendered":"<p>Sof\u00e1-cama Modelo Verona oferece uma cama de casal confort\u00e1vel com espumas macias e almofadas em fibra siliconada. Acabamento interno de colch\u00e3o com tecido matelasse e fora com tecido veludo super macio. \u00d3tima op\u00e7\u00e3o para acomodar as visitas.<\/p>\n<p>Por que o sof\u00e1-cama Modelo Verona e ideal?<\/p>\n<p>Quando queremos um sof\u00e1 confort\u00e1vel como sof\u00e1, mas tamb\u00e9m que a cama seja muito confort\u00e1vel para uso recorrente como cama para as visitas.<\/p>\n<div>\n<div class=\"dnXCYb\" tabindex=\"0\" role=\"button\" aria-controls=\"_jRO4ZIXiEt7G5OUPvv6ygA8_36\" aria-expanded=\"true\" data-hveid=\"CB4QAQ\">\n<div class=\"JlqpRe\"><span class=\"JCzEY ZwRhJd\"><span class=\"CSkcDe\">Para que serve um sof\u00e1-cama?<\/span><\/span><\/div>\n<div class=\"L3Ezfd\" data-ved=\"2ahUKEwjF3NvCnJuAAxVeI7kGHT6_DPAQuk56BAgeEAI\"><\/div>\n<\/div>\n<\/div>\n<div id=\"_jRO4ZIXiEt7G5OUPvv6ygA8_36\" class=\"bCOlv\" data-ved=\"2ahUKEwjF3NvCnJuAAxVeI7kGHT6_DPAQ7NUEegQIHhAE\">\n<div class=\"IZE3Td\">\n<div class=\"t0bRye r2fjmd\" data-hveid=\"CB4QBQ\" data-ved=\"2ahUKEwjF3NvCnJuAAxVeI7kGHT6_DPAQu04oAHoECB4QBQ\">\n<div id=\"jRO4ZIXiEt7G5OUPvv6ygA8__14\">\n<div class=\"wDYxhc\" data-md=\"61\">\n<div class=\"LGOjhe\" role=\"heading\" data-attrid=\"wa:\/description\" aria-level=\"3\" data-hveid=\"CBoQAA\"><span class=\"ILfuVd\" lang=\"pt\"><span class=\"hgKElc\">Como o pr\u00f3prio nome j\u00e1 diz, ele\u00a0serve tanto como um estofado confort\u00e1vel na sala de TV, como uma cama no quarto de visitas ou no quarto das crian\u00e7as. Extremamente pr\u00e1tico no dia a dia, ele se ad\u00e9qua a diferentes situa\u00e7\u00f5es, deixando sua decora\u00e7\u00e3o muito mais din\u00e2mica e agrad\u00e1vel.<\/span><\/span><\/div>\n<\/div>\n<\/div>\n<\/div>\n<\/div>\n<\/div>\n","protected":false},"excerpt":{"rendered":"<div class=\"woocommerce-product-details__short-description\">\n<p>Sof\u00e1 Verona oferece uma cama de casal confort\u00e1vel com espumas macias e almofadas em fibra siliconada. Acabamento em debrum e tecido veludo super macio. \u00d3tima op\u00e7\u00e3o para acomodar as visitas.<\/p>\n<\/div>\n<form class=\"cart\" action=\"https:\/\/marquesestofados.com.br\/lojaproduto\/sofa-retratil-2-lugares-exemplo\/\" enctype=\"multipart\/form-data\" method=\"post\">\n<div class=\"quantity\"><\/div>\n<\/form>\n","protected":false},"featured_media":15629,"comment_status":"open","ping_status":"closed","template":"","meta":[],"product_cat":[125,67],"product_tag":[],"class_list":{"0":"post-15624","1":"product","2":"type-product","3":"status-publish","4":"has-post-thumbnail","6":"product_cat-sofa-cama","7":"product_cat-sofas","8":"product_shipping_class-fabricar-30-dias","10":"first","11":"onbackorder","12":"shipping-taxable","13":"purchasable","14":"product-type-variable","15":"col-xs-6 col-sm-4","16":"col-md-3 col-lg-3","17":"un-4-cols"},"_links":{"self":[{"href":"https:\/\/marquesestofados.com.br\/loja\/wp-json\/wp\/v2\/product\/15624","targetHints":{"allow":["GET"]}}],"collection":[{"href":"https:\/\/marquesestofados.com.br\/loja\/wp-json\/wp\/v2\/product"}],"about":[{"href":"https:\/\/marquesestofados.com.br\/loja\/wp-json\/wp\/v2\/types\/product"}],"replies":[{"embeddable":true,"href":"https:\/\/marquesestofados.com.br\/loja\/wp-json\/wp\/v2\/comments?post=15624"}],"wp:featuredmedia":[{"embeddable":true,"href":"https:\/\/marquesestofados.com.br\/loja\/wp-json\/wp\/v2\/media\/15629"}],"wp:attachment":[{"href":"https:\/\/marquesestofados.com.br\/loja\/wp-json\/wp\/v2\/media?parent=15624"}],"wp:term":[{"taxonomy":"product_cat","embeddable":true,"href":"https:\/\/marquesestofados.com.br\/loja\/wp-json\/wp\/v2\/product_cat?post=15624"},{"taxonomy":"product_tag","embeddable":true,"href":"https:\/\/marquesestofados.com.br\/loja\/wp-json\/wp\/v2\/product_tag?post=15624"}],"curies":[{"name":"wp","href":"https:\/\/api.w.org\/{rel}","templated":true}]}}