{"id":15850,"date":"2025-02-21T09:37:14","date_gmt":"2025-02-21T12:37:14","guid":{"rendered":"https:\/\/marquesestofados.com.br\/loja\/?post_type=product&#038;p=15850"},"modified":"2025-02-21T12:57:46","modified_gmt":"2025-02-21T15:57:46","slug":"sofa-3-em-1-modelo-connor-para-5-lugares-sendo-cama-retratil-e-sofa-living-tamanho-250m-em-couro-100-natural-cores-sob-encomenda","status":"publish","type":"product","link":"https:\/\/marquesestofados.com.br\/loja\/produto\/sofa-3-em-1-modelo-connor-para-5-lugares-sendo-cama-retratil-e-sofa-living-tamanho-250m-em-couro-100-natural-cores-sob-encomenda\/","title":{"rendered":"Sof\u00e1 3 em 1 Modelo Connor para 5 Lugares Sendo Cama, Retr\u00e1til e Sof\u00e1 Living Tamanho 2,50m em Couro 100% Natural (CORES) &#8211; SOB-ENCOMENDA"},"content":{"rendered":"<p>Sof\u00e1 Connor e \u00f3timo para espa\u00e7os pequenos. Ele permite ter um sof\u00e1 acomodar as visitas, com espumas firmes nos assentos e estruturas resistentes. Al\u00e9m de cama tamb\u00e9m usa como sof\u00e1 retr\u00e1til para sala de TV e quando fechado, ele fica igual ao sof\u00e1 living.<\/p>\n<p>Conforto e eleg\u00e2ncia em um sof\u00e1 3 em 1:<\/p>\n<ul>\n<li>Sof\u00e1 cama<\/li>\n<li>Sof\u00e1 Retr\u00e1til<\/li>\n<li>Sof\u00e1 Living<\/li>\n<\/ul>\n","protected":false},"excerpt":{"rendered":"<div class=\"woocommerce-product-details__short-description\">\n<p>Sof\u00e1 Connor e \u00f3timo para espa\u00e7os pequenos. Conforto e eleg\u00e2ncia em um sof\u00e1 3 em 1: Sof\u00e1-cama, sof\u00e1 retr\u00e1til e sof\u00e1 living.<\/p>\n<p>&nbsp;<\/p>\n<\/div>\n<form class=\"cart\" action=\"https:\/\/marquesestofados.com.br\/lojaproduto\/sofa-retratil-2-lugares-exemplo\/\" enctype=\"multipart\/form-data\" method=\"post\">\n<div class=\"quantity\"><\/div>\n<\/form>\n","protected":false},"featured_media":15849,"comment_status":"open","ping_status":"closed","template":"","meta":[],"product_cat":[125,126,67],"product_tag":[],"class_list":{"0":"post-15850","1":"product","2":"type-product","3":"status-publish","4":"has-post-thumbnail","6":"product_cat-sofa-cama","7":"product_cat-sofa-retratil","8":"product_cat-sofas","9":"product_shipping_class-fabricar-60-dias","11":"first","12":"onbackorder","13":"shipping-taxable","14":"purchasable","15":"product-type-variable","16":"col-xs-6 col-sm-4","17":"col-md-3 col-lg-3","18":"un-4-cols"},"_links":{"self":[{"href":"https:\/\/marquesestofados.com.br\/loja\/wp-json\/wp\/v2\/product\/15850","targetHints":{"allow":["GET"]}}],"collection":[{"href":"https:\/\/marquesestofados.com.br\/loja\/wp-json\/wp\/v2\/product"}],"about":[{"href":"https:\/\/marquesestofados.com.br\/loja\/wp-json\/wp\/v2\/types\/product"}],"replies":[{"embeddable":true,"href":"https:\/\/marquesestofados.com.br\/loja\/wp-json\/wp\/v2\/comments?post=15850"}],"wp:featuredmedia":[{"embeddable":true,"href":"https:\/\/marquesestofados.com.br\/loja\/wp-json\/wp\/v2\/media\/15849"}],"wp:attachment":[{"href":"https:\/\/marquesestofados.com.br\/loja\/wp-json\/wp\/v2\/media?parent=15850"}],"wp:term":[{"taxonomy":"product_cat","embeddable":true,"href":"https:\/\/marquesestofados.com.br\/loja\/wp-json\/wp\/v2\/product_cat?post=15850"},{"taxonomy":"product_tag","embeddable":true,"href":"https:\/\/marquesestofados.com.br\/loja\/wp-json\/wp\/v2\/product_tag?post=15850"}],"curies":[{"name":"wp","href":"https:\/\/api.w.org\/{rel}","templated":true}]}}