{"id":16015,"date":"2025-02-27T16:37:13","date_gmt":"2025-02-27T19:37:13","guid":{"rendered":"https:\/\/marquesestofados.com.br\/loja\/?post_type=product&#038;p=16015"},"modified":"2025-02-27T16:52:22","modified_gmt":"2025-02-27T19:52:22","slug":"sofa-living-modelo-quebec-para-3-lugares-tamanho-200m-tecido-linha-c-linho-cores-sob-encomenda","status":"publish","type":"product","link":"https:\/\/marquesestofados.com.br\/loja\/produto\/sofa-living-modelo-quebec-para-3-lugares-tamanho-200m-tecido-linha-c-linho-cores-sob-encomenda\/","title":{"rendered":"Sof\u00e1 Living Modelo Quebec para 3 Lugares Tamanho 2,00m Tecido Linha C &#8211; Linho (CORES) &#8211; SOB ENCOMENDA"},"content":{"rendered":"","protected":false},"excerpt":{"rendered":"<div class=\"woocommerce-product-details__short-description\">\n<p>Sof\u00e1 Quebec \u00e9 uma pe\u00e7a super vers\u00e1til e combina com tudo . Tem assentos ergon\u00f4micos e macios almofadas soltas no encosto em fibra siliconada . Lindo revestimento em linho que deixa muito elegante.<br \/>\nCodi. Tecido Linho SAT-01<\/p>\n<\/div>\n<form class=\"cart\" action=\"https:\/\/marquesestofados.com.br\/lojaproduto\/sofa-retratil-2-lugares-exemplo\/\" enctype=\"multipart\/form-data\" method=\"post\">\n<div class=\"quantity\"><\/div>\n<\/form>\n","protected":false},"featured_media":8070,"comment_status":"open","ping_status":"closed","template":"","meta":[],"product_cat":[127,67],"product_tag":[],"class_list":{"0":"post-16015","1":"product","2":"type-product","3":"status-publish","4":"has-post-thumbnail","6":"product_cat-sofa-living","7":"product_cat-sofas","8":"product_shipping_class-fabricar-30-dias","10":"first","11":"onbackorder","12":"shipping-taxable","13":"purchasable","14":"product-type-variable","15":"col-xs-6 col-sm-4","16":"col-md-3 col-lg-3","17":"un-4-cols"},"_links":{"self":[{"href":"https:\/\/marquesestofados.com.br\/loja\/wp-json\/wp\/v2\/product\/16015","targetHints":{"allow":["GET"]}}],"collection":[{"href":"https:\/\/marquesestofados.com.br\/loja\/wp-json\/wp\/v2\/product"}],"about":[{"href":"https:\/\/marquesestofados.com.br\/loja\/wp-json\/wp\/v2\/types\/product"}],"replies":[{"embeddable":true,"href":"https:\/\/marquesestofados.com.br\/loja\/wp-json\/wp\/v2\/comments?post=16015"}],"wp:featuredmedia":[{"embeddable":true,"href":"https:\/\/marquesestofados.com.br\/loja\/wp-json\/wp\/v2\/media\/8070"}],"wp:attachment":[{"href":"https:\/\/marquesestofados.com.br\/loja\/wp-json\/wp\/v2\/media?parent=16015"}],"wp:term":[{"taxonomy":"product_cat","embeddable":true,"href":"https:\/\/marquesestofados.com.br\/loja\/wp-json\/wp\/v2\/product_cat?post=16015"},{"taxonomy":"product_tag","embeddable":true,"href":"https:\/\/marquesestofados.com.br\/loja\/wp-json\/wp\/v2\/product_tag?post=16015"}],"curies":[{"name":"wp","href":"https:\/\/api.w.org\/{rel}","templated":true}]}}