{"id":16323,"date":"2025-03-20T05:58:35","date_gmt":"2025-03-20T08:58:35","guid":{"rendered":"https:\/\/marquesestofados.com.br\/loja\/?post_type=product&#038;p=16323"},"modified":"2025-03-20T05:58:36","modified_gmt":"2025-03-20T08:58:36","slug":"tapete-desenho-estilo-pintura-dixon-para-sala-de-tv-ou-sala-de-jantar-tamanhos-sob-encomenda-2","status":"publish","type":"product","link":"https:\/\/marquesestofados.com.br\/loja\/produto\/tapete-desenho-estilo-pintura-dixon-para-sala-de-tv-ou-sala-de-jantar-tamanhos-sob-encomenda-2\/","title":{"rendered":"Tapete Desenho Estilo Pintura Dixon para Sala de TV ou Sala de Jantar (TAMANHOS) \u2013 SOB ENCOMENDA"},"content":{"rendered":"","protected":false},"excerpt":{"rendered":"<p>Tapete ideal para decorar sua sala e embelezar espa\u00e7os. Primeiro, proteger as pessoas do frio provindo do ch\u00e3o, ajuda Contribuir para o conforto termo-ac\u00fastico dos ambientes.<\/p>\n","protected":false},"featured_media":6668,"comment_status":"open","ping_status":"closed","template":"","meta":[],"product_cat":[173,158],"product_tag":[],"class_list":{"0":"post-16323","1":"product","2":"type-product","3":"status-publish","4":"has-post-thumbnail","6":"product_cat-tapete-desenhado","7":"product_cat-tapetes","8":"product_shipping_class-fabricar-15-dias","10":"first","11":"onbackorder","12":"shipping-taxable","13":"purchasable","14":"product-type-variable","15":"col-xs-6 col-sm-4","16":"col-md-3 col-lg-3","17":"un-4-cols"},"_links":{"self":[{"href":"https:\/\/marquesestofados.com.br\/loja\/wp-json\/wp\/v2\/product\/16323","targetHints":{"allow":["GET"]}}],"collection":[{"href":"https:\/\/marquesestofados.com.br\/loja\/wp-json\/wp\/v2\/product"}],"about":[{"href":"https:\/\/marquesestofados.com.br\/loja\/wp-json\/wp\/v2\/types\/product"}],"replies":[{"embeddable":true,"href":"https:\/\/marquesestofados.com.br\/loja\/wp-json\/wp\/v2\/comments?post=16323"}],"wp:featuredmedia":[{"embeddable":true,"href":"https:\/\/marquesestofados.com.br\/loja\/wp-json\/wp\/v2\/media\/6668"}],"wp:attachment":[{"href":"https:\/\/marquesestofados.com.br\/loja\/wp-json\/wp\/v2\/media?parent=16323"}],"wp:term":[{"taxonomy":"product_cat","embeddable":true,"href":"https:\/\/marquesestofados.com.br\/loja\/wp-json\/wp\/v2\/product_cat?post=16323"},{"taxonomy":"product_tag","embeddable":true,"href":"https:\/\/marquesestofados.com.br\/loja\/wp-json\/wp\/v2\/product_tag?post=16323"}],"curies":[{"name":"wp","href":"https:\/\/api.w.org\/{rel}","templated":true}]}}