{"id":16900,"date":"2025-03-25T11:10:37","date_gmt":"2025-03-25T14:10:37","guid":{"rendered":"https:\/\/marquesestofados.com.br\/loja\/?post_type=product&#038;p=16900"},"modified":"2025-03-26T09:32:28","modified_gmt":"2025-03-26T12:32:28","slug":"tapete-liso-com-pequenos-detalhes-geometricos-auto-relevo-elegance-para-quarto-sala-de-tv-ou-sala-de-jantar-tamanhos-sob-encomenda-3","status":"publish","type":"product","link":"https:\/\/marquesestofados.com.br\/loja\/produto\/tapete-liso-com-pequenos-detalhes-geometricos-auto-relevo-elegance-para-quarto-sala-de-tv-ou-sala-de-jantar-tamanhos-sob-encomenda-3\/","title":{"rendered":"Tapete Liso com Pequenos Detalhes Geom\u00e9tricos Auto Relevo Elegance para Quarto, Sala de TV ou Sala de Jantar (TAMANHOS) \u2013 SOB ENCOMENDA"},"content":{"rendered":"","protected":false},"excerpt":{"rendered":"<p>Tapete ideal para decorar sua sala e embelezar espa\u00e7os. Primeiro, proteger as pessoas do frio provindo do ch\u00e3o, ajuda Contribuir para o conforto termo-ac\u00fastico dos ambientes.<\/p>\n","protected":false},"featured_media":16907,"comment_status":"open","ping_status":"closed","template":"","meta":[],"product_cat":[158,159],"product_tag":[],"class_list":{"0":"post-16900","1":"product","2":"type-product","3":"status-publish","4":"has-post-thumbnail","6":"product_cat-tapetes","7":"product_cat-tapetes-lisos","8":"product_shipping_class-fabricar-15-dias","10":"first","11":"onbackorder","12":"shipping-taxable","13":"purchasable","14":"product-type-variable","15":"col-xs-6 col-sm-4","16":"col-md-3 col-lg-3","17":"un-4-cols"},"_links":{"self":[{"href":"https:\/\/marquesestofados.com.br\/loja\/wp-json\/wp\/v2\/product\/16900","targetHints":{"allow":["GET"]}}],"collection":[{"href":"https:\/\/marquesestofados.com.br\/loja\/wp-json\/wp\/v2\/product"}],"about":[{"href":"https:\/\/marquesestofados.com.br\/loja\/wp-json\/wp\/v2\/types\/product"}],"replies":[{"embeddable":true,"href":"https:\/\/marquesestofados.com.br\/loja\/wp-json\/wp\/v2\/comments?post=16900"}],"wp:featuredmedia":[{"embeddable":true,"href":"https:\/\/marquesestofados.com.br\/loja\/wp-json\/wp\/v2\/media\/16907"}],"wp:attachment":[{"href":"https:\/\/marquesestofados.com.br\/loja\/wp-json\/wp\/v2\/media?parent=16900"}],"wp:term":[{"taxonomy":"product_cat","embeddable":true,"href":"https:\/\/marquesestofados.com.br\/loja\/wp-json\/wp\/v2\/product_cat?post=16900"},{"taxonomy":"product_tag","embeddable":true,"href":"https:\/\/marquesestofados.com.br\/loja\/wp-json\/wp\/v2\/product_tag?post=16900"}],"curies":[{"name":"wp","href":"https:\/\/api.w.org\/{rel}","templated":true}]}}