{"id":17152,"date":"2025-04-05T15:14:58","date_gmt":"2025-04-05T18:14:58","guid":{"rendered":"https:\/\/marquesestofados.com.br\/loja\/?post_type=product&#038;p=17152"},"modified":"2025-04-05T16:00:55","modified_gmt":"2025-04-05T19:00:55","slug":"buffet-sala-de-jantar-tamanho-135x78-cor-natural-com-base-pes-madeira-natural-sob-encomenda","status":"publish","type":"product","link":"https:\/\/marquesestofados.com.br\/loja\/produto\/buffet-sala-de-jantar-tamanho-135x78-cor-natural-com-base-pes-madeira-natural-sob-encomenda\/","title":{"rendered":"Buffet Sala de Jantar Tamanho 135&#215;78 Cor Natural com Base\/P\u00e9s Madeira Natural &#8211; SOB ENCOMENDA"},"content":{"rendered":"<p>Buffet \u00e9 a aposta perfeita para decorar espa\u00e7os de salas living e salas de estar, oferece beleza com p\u00e9s altos, espa\u00e7o para colocar garrafas, pratos, talheres, etc. e puxador tipo cava. Com estrutura em MDF\/MDP e revestimento em l\u00e2mina off white p\u00e9s cor madeira.<\/p>\n<p>\u00c9 um m\u00f3vel que acrescenta na decora\u00e7\u00e3o de uma sala de jantar, pois pode servir como apoio de objetos decorativos e levar funcionalidade para esse ambiente. Ele serve de base para um jantar e \u00e9 um modo de guardar os utens\u00edlios b\u00e1sicos como: talheres, copos e pratos.<\/p>\n<div>\n<div class=\"dnXCYb\" tabindex=\"0\" role=\"button\" aria-controls=\"_U96qZK2WCo2p5OUP6buBIA_39\" aria-expanded=\"true\" data-hveid=\"CBkQAQ\">\n<div class=\"JlqpRe\"><span class=\"JCzEY ZwRhJd\"><span class=\"CSkcDe\">Qual a finalidade de um buffet?<\/span><\/span><\/div>\n<div class=\"L3Ezfd\" data-ved=\"2ahUKEwjti6L3g4KAAxWNFLkGHeldAAQQuk56BAgZEAI\"><\/div>\n<\/div>\n<\/div>\n<div id=\"_U96qZK2WCo2p5OUP6buBIA_39\" class=\"bCOlv\" data-ved=\"2ahUKEwjti6L3g4KAAxWNFLkGHeldAAQQ7NUEegQIGRAE\">\n<div class=\"IZE3Td\">\n<div class=\"t0bRye r2fjmd\" data-hveid=\"CBkQBQ\" data-ved=\"2ahUKEwjti6L3g4KAAxWNFLkGHeldAAQQu04oAHoECBkQBQ\">\n<div id=\"U96qZK2WCo2p5OUP6buBIA__17\">\n<div class=\"wDYxhc\" data-md=\"61\">\n<div class=\"LGOjhe\" role=\"heading\" data-attrid=\"wa:\/description\" aria-level=\"3\" data-hveid=\"CBwQAA\"><span class=\"ILfuVd\" lang=\"pt\"><span class=\"hgKElc\">O uso mais cl\u00e1ssico dos buffets \u00e9 para\u00a0guardar lou\u00e7as e talheres especiais, por\u00e9m, como explica o arquiteto Marko Holsten-Kjer, essa fun\u00e7\u00e3o tem sido ressignificada pela necessidade de aproveitamento do espa\u00e7o, que tornou os buffets \u00fateis mesmo para acomodar todos os tipos de utens\u00edlios.<\/span><\/span><\/div>\n<div role=\"heading\" data-attrid=\"wa:\/description\" aria-level=\"3\" data-hveid=\"CBwQAA\"><\/div>\n<\/div>\n<div role=\"heading\" data-attrid=\"wa:\/description\" aria-level=\"3\" data-hveid=\"CBwQAA\">\n<div>\n<div class=\"dnXCYb\" tabindex=\"0\" role=\"button\" aria-controls=\"_U96qZK2WCo2p5OUP6buBIA_40\" aria-expanded=\"true\" data-hveid=\"CCAQAQ\">\n<div class=\"JlqpRe\"><span class=\"JCzEY ZwRhJd\"><span class=\"CSkcDe\">Qual a diferen\u00e7a entre o buffet e o aparador?<\/span><\/span><\/div>\n<div class=\"aj35ze\"><\/div>\n<div class=\"L3Ezfd\" data-ved=\"2ahUKEwjti6L3g4KAAxWNFLkGHeldAAQQuk56BAggEAI\">O aparador\u00a0\u00e9 um m\u00f3vel formado basicamente por um tampo sobre uma base, em diferentes materiais e tamanhos. Ele geralmente \u00e9 usado no hall\u00a0de\u00a0entrada, na sala\u00a0de\u00a0estar ou\u00a0de\u00a0jantar como apoio para objetos\u00a0de\u00a0decora\u00e7\u00e3o. Enquanto isso, o\u00a0buffet\u00a0tem espa\u00e7o\u00a0de\u00a0armazenamento, com portas e gavetas em sua estrutura.<\/div>\n<\/div>\n<\/div>\n<\/div>\n<\/div>\n<\/div>\n<\/div>\n<\/div>\n","protected":false},"excerpt":{"rendered":"<p>Buffet \u00e9 a aposta perfeita para decorar espa\u00e7os de salas living e salas de estar.<\/p>\n","protected":false},"featured_media":17153,"comment_status":"open","ping_status":"closed","template":"","meta":[],"product_cat":[152,214],"product_tag":[],"class_list":{"0":"post-17152","1":"product","2":"type-product","3":"status-publish","4":"has-post-thumbnail","6":"product_cat-buffet-sala-de-jantar","7":"product_cat-mesas-e-cadeiras","8":"product_shipping_class-fabricar-60-dias","10":"first","11":"onbackorder","12":"sale","13":"shipping-taxable","14":"purchasable","15":"product-type-simple","16":"col-xs-6 col-sm-4","17":"col-md-3 col-lg-3","18":"un-4-cols"},"_links":{"self":[{"href":"https:\/\/marquesestofados.com.br\/loja\/wp-json\/wp\/v2\/product\/17152","targetHints":{"allow":["GET"]}}],"collection":[{"href":"https:\/\/marquesestofados.com.br\/loja\/wp-json\/wp\/v2\/product"}],"about":[{"href":"https:\/\/marquesestofados.com.br\/loja\/wp-json\/wp\/v2\/types\/product"}],"replies":[{"embeddable":true,"href":"https:\/\/marquesestofados.com.br\/loja\/wp-json\/wp\/v2\/comments?post=17152"}],"wp:featuredmedia":[{"embeddable":true,"href":"https:\/\/marquesestofados.com.br\/loja\/wp-json\/wp\/v2\/media\/17153"}],"wp:attachment":[{"href":"https:\/\/marquesestofados.com.br\/loja\/wp-json\/wp\/v2\/media?parent=17152"}],"wp:term":[{"taxonomy":"product_cat","embeddable":true,"href":"https:\/\/marquesestofados.com.br\/loja\/wp-json\/wp\/v2\/product_cat?post=17152"},{"taxonomy":"product_tag","embeddable":true,"href":"https:\/\/marquesestofados.com.br\/loja\/wp-json\/wp\/v2\/product_tag?post=17152"}],"curies":[{"name":"wp","href":"https:\/\/api.w.org\/{rel}","templated":true}]}}