{"id":17179,"date":"2025-04-21T13:08:10","date_gmt":"2025-04-21T16:08:10","guid":{"rendered":"https:\/\/marquesestofados.com.br\/loja\/?post_type=product&#038;p=17179"},"modified":"2025-04-21T13:08:10","modified_gmt":"2025-04-21T16:08:10","slug":"sofa-living-modelo-passione-tamanho-220m-com-base-aco-carbono-cor-preto-e-tecido-linho-ou-veludo-cores-sob-encomenda","status":"publish","type":"product","link":"https:\/\/marquesestofados.com.br\/loja\/produto\/sofa-living-modelo-passione-tamanho-220m-com-base-aco-carbono-cor-preto-e-tecido-linho-ou-veludo-cores-sob-encomenda\/","title":{"rendered":"Sof\u00e1 Living Modelo Passione Tamanho 2,20m com Base A\u00e7o Carbono cor Preto e Tecido Linho ou Veludo (CORES) &#8211; SOB ENCOMENDA"},"content":{"rendered":"<p>Sof\u00e1 Passione \u00e9 tudo em conforto com assentos macios e almofadas soltas no encosto e pequenas almofadas decorativas que traz uma eleg\u00e2ncia. Cont\u00e9m uma combina\u00e7\u00e3o especial de espumas hipersoft nos assentos e almofadas de encosto em fibra siliconada. Sof\u00e1 cheio de conforto macio perfeito para substituir a cama.<\/p>\n","protected":false},"excerpt":{"rendered":"<div class=\"woocommerce-product-details__short-description\">\n<p>Sof\u00e1 Passione \u00e9 tudo em conforto com assentos macios e almofadas soltas no encosto e pequenas almofadas decorativas que traz uma eleg\u00e2ncia.<\/p>\n<\/div>\n","protected":false},"featured_media":8812,"comment_status":"open","ping_status":"closed","template":"","meta":[],"product_cat":[127,67],"product_tag":[],"class_list":{"0":"post-17179","1":"product","2":"type-product","3":"status-publish","4":"has-post-thumbnail","6":"product_cat-sofa-living","7":"product_cat-sofas","8":"product_shipping_class-fabricar-60-dias","10":"first","11":"onbackorder","12":"shipping-taxable","13":"purchasable","14":"product-type-variable","15":"col-xs-6 col-sm-4","16":"col-md-3 col-lg-3","17":"un-4-cols"},"_links":{"self":[{"href":"https:\/\/marquesestofados.com.br\/loja\/wp-json\/wp\/v2\/product\/17179","targetHints":{"allow":["GET"]}}],"collection":[{"href":"https:\/\/marquesestofados.com.br\/loja\/wp-json\/wp\/v2\/product"}],"about":[{"href":"https:\/\/marquesestofados.com.br\/loja\/wp-json\/wp\/v2\/types\/product"}],"replies":[{"embeddable":true,"href":"https:\/\/marquesestofados.com.br\/loja\/wp-json\/wp\/v2\/comments?post=17179"}],"wp:featuredmedia":[{"embeddable":true,"href":"https:\/\/marquesestofados.com.br\/loja\/wp-json\/wp\/v2\/media\/8812"}],"wp:attachment":[{"href":"https:\/\/marquesestofados.com.br\/loja\/wp-json\/wp\/v2\/media?parent=17179"}],"wp:term":[{"taxonomy":"product_cat","embeddable":true,"href":"https:\/\/marquesestofados.com.br\/loja\/wp-json\/wp\/v2\/product_cat?post=17179"},{"taxonomy":"product_tag","embeddable":true,"href":"https:\/\/marquesestofados.com.br\/loja\/wp-json\/wp\/v2\/product_tag?post=17179"}],"curies":[{"name":"wp","href":"https:\/\/api.w.org\/{rel}","templated":true}]}}