{"id":17601,"date":"2025-06-03T08:16:40","date_gmt":"2025-06-03T11:16:40","guid":{"rendered":"https:\/\/marquesestofados.com.br\/loja\/?post_type=product&#038;p=17601"},"modified":"2025-06-03T08:16:40","modified_gmt":"2025-06-03T11:16:40","slug":"jogo-de-poltronas-modelo-medio-paola-com-base-madeira-e-material-sintetico-tecido-imitacao-de-couro-cores-sob-encomenda","status":"publish","type":"product","link":"https:\/\/marquesestofados.com.br\/loja\/produto\/jogo-de-poltronas-modelo-medio-paola-com-base-madeira-e-material-sintetico-tecido-imitacao-de-couro-cores-sob-encomenda\/","title":{"rendered":"Jogo de Poltronas Modelo M\u00e9dio Paola com Base Madeira e Material Sint\u00e9tico Tecido Imita\u00e7\u00e3o de Couro (CORES) \u2013 SOB ENCOMENDA"},"content":{"rendered":"<p>Poltrona Paola encosto m\u00e9dio com forte base de madeira para maior conforto. Perfeita para ambientes de estilo e combina\u00e7\u00e3o moderna, uma ideia ecl\u00e9tica na decora\u00e7\u00e3o combina bem.<\/p>\n<p>Para que serve a poltrona?<\/p>\n<div id=\"_cMWqZOPEHZ_95OUP7aaF6Ac_40\" class=\"bCOlv\" data-ved=\"2ahUKEwjjvL6Z7IGAAxWfPrkGHW1TAX0Q7NUEegQIGxAE\">\n<div class=\"IZE3Td\">\n<div class=\"t0bRye r2fjmd\" data-hveid=\"CBsQBQ\" data-ved=\"2ahUKEwjjvL6Z7IGAAxWfPrkGHW1TAX0Qu04oAHoECBsQBQ\">\n<div id=\"cMWqZOPEHZ_95OUP7aaF6Ac__23\">\n<div class=\"wDYxhc\" data-md=\"61\">\n<div class=\"LGOjhe\" role=\"heading\" data-attrid=\"wa:\/description\" aria-level=\"3\" data-hveid=\"CBgQAA\"><span class=\"ILfuVd\" lang=\"pt\"><span class=\"hgKElc\">Poltrona \u00e9 uma pe\u00e7a que n\u00e3o pode ficar de fora da sua decora\u00e7\u00e3o. Poltronas\u00a0servem para complementar lugares, ocupar espa\u00e7os vazios, seja ele no canto do quarto ou ao lado do sof\u00e1 na sala.<\/span><\/span><\/div>\n<div role=\"heading\" data-attrid=\"wa:\/description\" aria-level=\"3\" data-hveid=\"CBgQAA\"><\/div>\n<\/div>\n<\/div>\n<\/div>\n<\/div>\n<\/div>\n<p>Qual \u00e9 a diferen\u00e7a entre poltrona e cadeira?<\/p>\n<p>Enquanto as cadeiras com bra\u00e7o se destacam por sua multifuncionalidade, as poltronas t\u00eam como caracter\u00edstica predominante o conforto e o aconchego, sem contar que agregam ainda mais beleza nos ambientes.<\/p>\n","protected":false},"excerpt":{"rendered":"<p>Poltrona Paola encosto medio com forte base de madeira para maior conforto. Perfeita para ambientes de estilo e combina\u00e7\u00e3o moderna, uma ideia ecl\u00e9ctica na decora\u00e7\u00e3o combina bem.<\/p>\n","protected":false},"featured_media":9660,"comment_status":"open","ping_status":"closed","template":"","meta":[],"product_cat":[234,113],"product_tag":[],"class_list":{"0":"post-17601","1":"product","2":"type-product","3":"status-publish","4":"has-post-thumbnail","6":"product_cat-poltrona-base-madeira","7":"product_cat-poltronas","8":"product_shipping_class-fabricar-60-dias","10":"first","11":"onbackorder","12":"shipping-taxable","13":"purchasable","14":"product-type-variable","15":"col-xs-6 col-sm-4","16":"col-md-3 col-lg-3","17":"un-4-cols"},"_links":{"self":[{"href":"https:\/\/marquesestofados.com.br\/loja\/wp-json\/wp\/v2\/product\/17601","targetHints":{"allow":["GET"]}}],"collection":[{"href":"https:\/\/marquesestofados.com.br\/loja\/wp-json\/wp\/v2\/product"}],"about":[{"href":"https:\/\/marquesestofados.com.br\/loja\/wp-json\/wp\/v2\/types\/product"}],"replies":[{"embeddable":true,"href":"https:\/\/marquesestofados.com.br\/loja\/wp-json\/wp\/v2\/comments?post=17601"}],"wp:featuredmedia":[{"embeddable":true,"href":"https:\/\/marquesestofados.com.br\/loja\/wp-json\/wp\/v2\/media\/9660"}],"wp:attachment":[{"href":"https:\/\/marquesestofados.com.br\/loja\/wp-json\/wp\/v2\/media?parent=17601"}],"wp:term":[{"taxonomy":"product_cat","embeddable":true,"href":"https:\/\/marquesestofados.com.br\/loja\/wp-json\/wp\/v2\/product_cat?post=17601"},{"taxonomy":"product_tag","embeddable":true,"href":"https:\/\/marquesestofados.com.br\/loja\/wp-json\/wp\/v2\/product_tag?post=17601"}],"curies":[{"name":"wp","href":"https:\/\/api.w.org\/{rel}","templated":true}]}}