{"id":17611,"date":"2025-06-03T08:16:39","date_gmt":"2025-06-03T11:16:39","guid":{"rendered":"https:\/\/marquesestofados.com.br\/loja\/?post_type=product&#038;p=17611"},"modified":"2025-06-03T08:16:39","modified_gmt":"2025-06-03T11:16:39","slug":"sofa-retratil-e-reclinavel-austria-tamanho-190-200-210-com-2-modulos-e-3-a-5-lugares-tecido-veludo-ou-linho-sob-encomenda","status":"publish","type":"product","link":"https:\/\/marquesestofados.com.br\/loja\/produto\/sofa-retratil-e-reclinavel-austria-tamanho-190-200-210-com-2-modulos-e-3-a-5-lugares-tecido-veludo-ou-linho-sob-encomenda\/","title":{"rendered":"Sof\u00e1 Retr\u00e1til e Reclin\u00e1vel \u00c1ustria Tamanho 190\/200\/210 com 2 M\u00f3dulos e 3 a 5 Lugares Tecido Veludo ou Linho &#8211; SOB ENCOMENDA"},"content":{"rendered":"<p>Sof\u00e1 \u00c1ustria seu prop\u00f3sito e conforto total, com assentos retr\u00e1teis com molas espirais na estrutura e pillow on top. Sof\u00e1 que pode ser usado como cama, retr\u00e1til e living. Perfeito para uma sess\u00e3o de cinema em casa, al\u00e9m de ser muito espa\u00e7oso e resistente para acomodar toda a fam\u00edlia.<\/p>\n","protected":false},"excerpt":{"rendered":"<p>Sof\u00e1 \u00c1ustria pode ser usado como cama, retr\u00e1til e living. Seu prop\u00f3sito e conforto total.<\/p>\n","protected":false},"featured_media":8642,"comment_status":"open","ping_status":"closed","template":"","meta":[],"product_cat":[125,126,67],"product_tag":[],"class_list":{"0":"post-17611","1":"product","2":"type-product","3":"status-publish","4":"has-post-thumbnail","6":"product_cat-sofa-cama","7":"product_cat-sofa-retratil","8":"product_cat-sofas","9":"product_shipping_class-fabricar-60-dias","11":"first","12":"onbackorder","13":"shipping-taxable","14":"purchasable","15":"product-type-variable","16":"col-xs-6 col-sm-4","17":"col-md-3 col-lg-3","18":"un-4-cols"},"_links":{"self":[{"href":"https:\/\/marquesestofados.com.br\/loja\/wp-json\/wp\/v2\/product\/17611","targetHints":{"allow":["GET"]}}],"collection":[{"href":"https:\/\/marquesestofados.com.br\/loja\/wp-json\/wp\/v2\/product"}],"about":[{"href":"https:\/\/marquesestofados.com.br\/loja\/wp-json\/wp\/v2\/types\/product"}],"replies":[{"embeddable":true,"href":"https:\/\/marquesestofados.com.br\/loja\/wp-json\/wp\/v2\/comments?post=17611"}],"wp:featuredmedia":[{"embeddable":true,"href":"https:\/\/marquesestofados.com.br\/loja\/wp-json\/wp\/v2\/media\/8642"}],"wp:attachment":[{"href":"https:\/\/marquesestofados.com.br\/loja\/wp-json\/wp\/v2\/media?parent=17611"}],"wp:term":[{"taxonomy":"product_cat","embeddable":true,"href":"https:\/\/marquesestofados.com.br\/loja\/wp-json\/wp\/v2\/product_cat?post=17611"},{"taxonomy":"product_tag","embeddable":true,"href":"https:\/\/marquesestofados.com.br\/loja\/wp-json\/wp\/v2\/product_tag?post=17611"}],"curies":[{"name":"wp","href":"https:\/\/api.w.org\/{rel}","templated":true}]}}