{"id":19024,"date":"2025-06-26T07:38:06","date_gmt":"2025-06-26T10:38:06","guid":{"rendered":"https:\/\/marquesestofados.com.br\/loja\/?post_type=product&#038;p=19024"},"modified":"2025-06-26T07:43:57","modified_gmt":"2025-06-26T10:43:57","slug":"jogo-de-2-poltronas-no-estilo-slim-reclinavel-com-acionamento-manual-modelo-joly-em-couro-100-natural-cores-sob-encomenda","status":"publish","type":"product","link":"https:\/\/marquesestofados.com.br\/loja\/produto\/jogo-de-2-poltronas-no-estilo-slim-reclinavel-com-acionamento-manual-modelo-joly-em-couro-100-natural-cores-sob-encomenda\/","title":{"rendered":"Jogo de (2) Poltronas no Estilo Slim Reclin\u00e1vel com Acionamento Manual Modelo Joly em Couro 100% Natural (CORES) &#8211; SOB ENCOMENDA"},"content":{"rendered":"<p>A\u00a0poltrona em couro \u00e9 um item atemporal, n\u00e3o s\u00f3 pela alta resist\u00eancia ou por simplesmente ser apaixonado pelo aspecto sofisticado que esse revestimento traz ao ambiente, mas tamb\u00e9m por que e um modelo que nunca fica fora das tendencias.<\/p>\n<p>Durabilidade: s\u00e3o altamente resistentes. Outro ponto que ajuda a aumentar a durabilidade do produto \u00e9 a conserva\u00e7\u00e3o. Basta passar um pano \u00famido no estofado para limpar. Ali\u00e1s, a limpeza tamb\u00e9m pode ser considerada um motivo a mais para adquirir um\u00a0sof\u00e1 em couro, j\u00e1 que \u00e9 super f\u00e1cil.<\/p>\n<p>Impermeabilidade: Al\u00e9m da facilidade na hora de limpar, o couro \u00e9 imperme\u00e1vel. N\u00e3o se preocupe se voc\u00ea derramar alguma bebida no sof\u00e1. \u00c9 s\u00f3 pegar um paninho \u00famido e limpar o local. Para fam\u00edlias com crian\u00e7as, o estofado em couro pode ser a solu\u00e7\u00e3o.<\/p>\n<p>Frio ou quente?: Nenhum dos dois! O couro \u00e9 um material adapt\u00e1vel, tanto \u00e0 temperatura quanto ao molde do corpo. Portanto, n\u00e3o concentra calor e nem frio. Al\u00e9m disso, voc\u00ea pode incluir almofadas em tecido ou mantas sobre os sof\u00e1s de couro, caso queira aumentar a sensa\u00e7\u00e3o de aconchego.<\/p>\n<p>F\u00e1cil combina\u00e7\u00e3o:\u00a0A beleza e o charme dos estofados em couro s\u00e3o caracter\u00edsticas que merecem destaque. Dificilmente, o couro \u00e9 estampado, o que facilita sua combina\u00e7\u00e3o em diferentes tipos de decora\u00e7\u00e3o. As cores terrosas se diferenciam apenas pelos variados tons, o que pode ser interessante para um d\u00e9cor monocrom\u00e1tico. J\u00e1 para estilos clean ou cl\u00e1ssicos, opte pelo couro em tons neutros.<\/p>\n","protected":false},"excerpt":{"rendered":"<p>Poltrona Slim Reclin\u00e1vel acionamento Mec\u00e2nico. Quer mais conforto em casa depois de um dia cansativo? Aposte na poltrona do papai! Ela \u00e9 ideal para descansar, ler ou at\u00e9 ver um filminho no quarto, na sala de estar e at\u00e9 escrit\u00f3rio ou biblioteca! N\u00e3o existe conforto igual a nossa poltrona do papai, vale a pena experimentar.<\/p>\n","protected":false},"featured_media":11860,"comment_status":"open","ping_status":"closed","template":"","meta":[],"product_cat":[221,113],"product_tag":[],"class_list":{"0":"post-19024","1":"product","2":"type-product","3":"status-publish","4":"has-post-thumbnail","6":"product_cat-poltrona-couro-natural","7":"product_cat-poltronas","8":"product_shipping_class-fabricar-60-dias","10":"first","11":"onbackorder","12":"shipping-taxable","13":"purchasable","14":"product-type-variable","15":"col-xs-6 col-sm-4","16":"col-md-3 col-lg-3","17":"un-4-cols"},"_links":{"self":[{"href":"https:\/\/marquesestofados.com.br\/loja\/wp-json\/wp\/v2\/product\/19024","targetHints":{"allow":["GET"]}}],"collection":[{"href":"https:\/\/marquesestofados.com.br\/loja\/wp-json\/wp\/v2\/product"}],"about":[{"href":"https:\/\/marquesestofados.com.br\/loja\/wp-json\/wp\/v2\/types\/product"}],"replies":[{"embeddable":true,"href":"https:\/\/marquesestofados.com.br\/loja\/wp-json\/wp\/v2\/comments?post=19024"}],"wp:featuredmedia":[{"embeddable":true,"href":"https:\/\/marquesestofados.com.br\/loja\/wp-json\/wp\/v2\/media\/11860"}],"wp:attachment":[{"href":"https:\/\/marquesestofados.com.br\/loja\/wp-json\/wp\/v2\/media?parent=19024"}],"wp:term":[{"taxonomy":"product_cat","embeddable":true,"href":"https:\/\/marquesestofados.com.br\/loja\/wp-json\/wp\/v2\/product_cat?post=19024"},{"taxonomy":"product_tag","embeddable":true,"href":"https:\/\/marquesestofados.com.br\/loja\/wp-json\/wp\/v2\/product_tag?post=19024"}],"curies":[{"name":"wp","href":"https:\/\/api.w.org\/{rel}","templated":true}]}}