{"id":22421,"date":"2025-11-06T08:26:24","date_gmt":"2025-11-06T11:26:24","guid":{"rendered":"https:\/\/marquesestofados.com.br\/loja\/?post_type=product&#038;p=22421"},"modified":"2025-11-28T10:46:59","modified_gmt":"2025-11-28T13:46:59","slug":"sofa-living-modelo-hug-tamanhos-210-base-madeira-com-pes-aco-carbono-cor-dourado-em-tecido-linho-pronta-entrega","status":"publish","type":"product","link":"https:\/\/marquesestofados.com.br\/loja\/produto\/sofa-living-modelo-hug-tamanhos-210-base-madeira-com-pes-aco-carbono-cor-dourado-em-tecido-linho-pronta-entrega\/","title":{"rendered":"Sof\u00e1 Living Modelo Hug Tamanhos 210 Base Madeira com P\u00e9s A\u00e7o Carbono cor Dourado em Tecido Linho &#8211; PRONTA ENTREGA"},"content":{"rendered":"","protected":false},"excerpt":{"rendered":"<p>Sof\u00e1 Hug \u00e9 uma pe\u00e7a super vers\u00e1til e combina com tudo. Encosto baixo para dar essa sensa\u00e7\u00e3o de amplitude, detalhes de base de madeira e p\u00e9s na cor dourada\u00a0 Tem assentos ergon\u00f4micos e firme e encosto fixo acompanhando o modelo do sof\u00e1 . Lindo revestimento em linho que deixa muito elegante com p\u00e9 mais alto que permite realizar uma limpeza f\u00e1cil.<\/p>\n","protected":false},"featured_media":22445,"comment_status":"open","ping_status":"closed","template":"","meta":[],"product_cat":[127,67],"product_tag":[],"class_list":{"0":"post-22421","1":"product","2":"type-product","3":"status-publish","4":"has-post-thumbnail","6":"product_cat-sofa-living","7":"product_cat-sofas","8":"product_shipping_class-caminhao","10":"first","11":"instock","12":"sale","13":"shipping-taxable","14":"purchasable","15":"product-type-simple","16":"col-xs-6 col-sm-4","17":"col-md-3 col-lg-3","18":"un-4-cols"},"_links":{"self":[{"href":"https:\/\/marquesestofados.com.br\/loja\/wp-json\/wp\/v2\/product\/22421","targetHints":{"allow":["GET"]}}],"collection":[{"href":"https:\/\/marquesestofados.com.br\/loja\/wp-json\/wp\/v2\/product"}],"about":[{"href":"https:\/\/marquesestofados.com.br\/loja\/wp-json\/wp\/v2\/types\/product"}],"replies":[{"embeddable":true,"href":"https:\/\/marquesestofados.com.br\/loja\/wp-json\/wp\/v2\/comments?post=22421"}],"wp:featuredmedia":[{"embeddable":true,"href":"https:\/\/marquesestofados.com.br\/loja\/wp-json\/wp\/v2\/media\/22445"}],"wp:attachment":[{"href":"https:\/\/marquesestofados.com.br\/loja\/wp-json\/wp\/v2\/media?parent=22421"}],"wp:term":[{"taxonomy":"product_cat","embeddable":true,"href":"https:\/\/marquesestofados.com.br\/loja\/wp-json\/wp\/v2\/product_cat?post=22421"},{"taxonomy":"product_tag","embeddable":true,"href":"https:\/\/marquesestofados.com.br\/loja\/wp-json\/wp\/v2\/product_tag?post=22421"}],"curies":[{"name":"wp","href":"https:\/\/api.w.org\/{rel}","templated":true}]}}