{"id":22483,"date":"2025-11-19T10:56:36","date_gmt":"2025-11-19T13:56:36","guid":{"rendered":"https:\/\/marquesestofados.com.br\/loja\/?post_type=product&#038;p=22483"},"modified":"2025-12-19T09:39:57","modified_gmt":"2025-12-19T12:39:57","slug":"jogo-de-2-poltronas-estilo-living-modelo-piemonte-com-braco-fino-em-tecido-soft-cor-cinza-clarinho-pronta-entrega","status":"publish","type":"product","link":"https:\/\/marquesestofados.com.br\/loja\/produto\/jogo-de-2-poltronas-estilo-living-modelo-piemonte-com-braco-fino-em-tecido-soft-cor-cinza-clarinho-pronta-entrega\/","title":{"rendered":"Jogo de (2) Poltronas Estilo Living Modelo Piemonte com bra\u00e7o fino em Tecido Soft cor Cinza Clarinho &#8211; PRONTA ENTREGA"},"content":{"rendered":"","protected":false},"excerpt":{"rendered":"<p>Poltrona Piemonte conforto encosto meio abra\u00e7a seu corpo ao sentar. Perfeita para ambientes de estilo e combina\u00e7\u00e3o moderna, uma ideia ecl\u00e9tica na decora\u00e7\u00e3o combina bem.<\/p>\n","protected":false},"featured_media":22492,"comment_status":"open","ping_status":"closed","template":"","meta":[],"product_cat":[157,179],"product_tag":[],"class_list":{"0":"post-22483","1":"product","2":"type-product","3":"status-publish","4":"has-post-thumbnail","6":"product_cat-outlet","7":"product_cat-poltronas-outlet","8":"product_shipping_class-caminhao","10":"first","11":"instock","12":"sale","13":"shipping-taxable","14":"purchasable","15":"product-type-simple","16":"col-xs-6 col-sm-4","17":"col-md-3 col-lg-3","18":"un-4-cols"},"_links":{"self":[{"href":"https:\/\/marquesestofados.com.br\/loja\/wp-json\/wp\/v2\/product\/22483","targetHints":{"allow":["GET"]}}],"collection":[{"href":"https:\/\/marquesestofados.com.br\/loja\/wp-json\/wp\/v2\/product"}],"about":[{"href":"https:\/\/marquesestofados.com.br\/loja\/wp-json\/wp\/v2\/types\/product"}],"replies":[{"embeddable":true,"href":"https:\/\/marquesestofados.com.br\/loja\/wp-json\/wp\/v2\/comments?post=22483"}],"wp:featuredmedia":[{"embeddable":true,"href":"https:\/\/marquesestofados.com.br\/loja\/wp-json\/wp\/v2\/media\/22492"}],"wp:attachment":[{"href":"https:\/\/marquesestofados.com.br\/loja\/wp-json\/wp\/v2\/media?parent=22483"}],"wp:term":[{"taxonomy":"product_cat","embeddable":true,"href":"https:\/\/marquesestofados.com.br\/loja\/wp-json\/wp\/v2\/product_cat?post=22483"},{"taxonomy":"product_tag","embeddable":true,"href":"https:\/\/marquesestofados.com.br\/loja\/wp-json\/wp\/v2\/product_tag?post=22483"}],"curies":[{"name":"wp","href":"https:\/\/api.w.org\/{rel}","templated":true}]}}