{"id":3857,"date":"2022-04-11T15:12:01","date_gmt":"2022-04-11T18:12:01","guid":{"rendered":"https:\/\/marquesestofados.com.br\/loja\/?post_type=product&#038;p=3857"},"modified":"2025-11-19T10:14:54","modified_gmt":"2025-11-19T13:14:54","slug":"buffet-lv-160x44-cor-branco-c-madeira-outlet-produtos-em-promocao","status":"publish","type":"product","link":"https:\/\/marquesestofados.com.br\/loja\/produto\/buffet-lv-160x44-cor-branco-c-madeira-outlet-produtos-em-promocao\/","title":{"rendered":"OUTLET &#8211; Buffet Lv 160\u00d744 cor Branco c\/madeira &#8211; OUTLET PROMOCAO PRONTA ENTREGA"},"content":{"rendered":"","protected":false},"excerpt":{"rendered":"<p>Buffet Liv \u00e9 a aposta perfeita para espa\u00e7os pequenos, oferece beleza com p\u00e9s palito, espa\u00e7o para colocar garrafas e puxadores delicados. Com estrutura em MDF e revestimento em l\u00e2mina branco p\u00e9s cor madeira.<\/p>\n","protected":false},"featured_media":6231,"comment_status":"open","ping_status":"closed","template":"","meta":[],"product_cat":[152,157,184],"product_tag":[],"class_list":{"0":"post-3857","1":"product","2":"type-product","3":"status-publish","4":"has-post-thumbnail","6":"product_cat-buffet-sala-de-jantar","7":"product_cat-outlet","8":"product_cat-racks-e-paineis-outlet","9":"product_shipping_class-pronta-entrega","11":"first","12":"instock","13":"sale","14":"shipping-taxable","15":"purchasable","16":"product-type-simple","17":"col-xs-6 col-sm-4","18":"col-md-3 col-lg-3","19":"un-4-cols"},"_links":{"self":[{"href":"https:\/\/marquesestofados.com.br\/loja\/wp-json\/wp\/v2\/product\/3857","targetHints":{"allow":["GET"]}}],"collection":[{"href":"https:\/\/marquesestofados.com.br\/loja\/wp-json\/wp\/v2\/product"}],"about":[{"href":"https:\/\/marquesestofados.com.br\/loja\/wp-json\/wp\/v2\/types\/product"}],"replies":[{"embeddable":true,"href":"https:\/\/marquesestofados.com.br\/loja\/wp-json\/wp\/v2\/comments?post=3857"}],"wp:featuredmedia":[{"embeddable":true,"href":"https:\/\/marquesestofados.com.br\/loja\/wp-json\/wp\/v2\/media\/6231"}],"wp:attachment":[{"href":"https:\/\/marquesestofados.com.br\/loja\/wp-json\/wp\/v2\/media?parent=3857"}],"wp:term":[{"taxonomy":"product_cat","embeddable":true,"href":"https:\/\/marquesestofados.com.br\/loja\/wp-json\/wp\/v2\/product_cat?post=3857"},{"taxonomy":"product_tag","embeddable":true,"href":"https:\/\/marquesestofados.com.br\/loja\/wp-json\/wp\/v2\/product_tag?post=3857"}],"curies":[{"name":"wp","href":"https:\/\/api.w.org\/{rel}","templated":true}]}}