{"id":4245,"date":"2022-06-09T06:23:07","date_gmt":"2022-06-09T09:23:07","guid":{"rendered":"https:\/\/marquesestofados.com.br\/loja\/?post_type=product&#038;p=4245"},"modified":"2024-04-17T15:20:12","modified_gmt":"2024-04-17T18:20:12","slug":"tapete-kayla-rustico-sisal-sintetico-250-cm-x-200-cm-4","status":"publish","type":"product","link":"https:\/\/marquesestofados.com.br\/loja\/produto\/tapete-kayla-rustico-sisal-sintetico-250-cm-x-200-cm-4\/","title":{"rendered":"OUTLET &#8211; Tapete Kayla Rustico Sisal Sintetico Tamanho 250 cm x 200 cm &#8211; PRONTA ENTREGA"},"content":{"rendered":"<p>Tapete ideal para decorar sua sala e embelezar espa\u00e7os. Primeiro, proteger as pessoas do frio provindo do ch\u00e3o, ajuda Contribuir para o conforto termo-ac\u00fastico dos ambientes.<\/p>\n<p>OBS: Informa\u00e7\u00e3o importante antes de fazer a compra os tapetes usados no showroom, antes do momento da entrega eles s\u00e3o higienizados.<\/p>\n","protected":false},"excerpt":{"rendered":"<p>Tapete ideal para decorar sua sala e\u00a0embelezar espa\u00e7os. Primeiro, proteger as pessoas do frio provindo do ch\u00e3o, ajuda Contribuir para o conforto termo-ac\u00fastico dos ambientes.<\/p>\n<p>OBS: Tapete Dupla Face<\/p>\n","protected":false},"featured_media":4243,"comment_status":"open","ping_status":"closed","template":"","meta":[],"product_cat":[157,158,182,172],"product_tag":[],"class_list":{"0":"post-4245","1":"product","2":"type-product","3":"status-publish","4":"has-post-thumbnail","6":"product_cat-outlet","7":"product_cat-tapetes","8":"product_cat-tapetes-outlet","9":"product_cat-tapetes-rusticos","10":"product_shipping_class-pronta-entrega","12":"first","13":"instock","14":"sale","15":"shipping-taxable","16":"purchasable","17":"product-type-simple","18":"col-xs-6 col-sm-4","19":"col-md-3 col-lg-3","20":"un-4-cols"},"_links":{"self":[{"href":"https:\/\/marquesestofados.com.br\/loja\/wp-json\/wp\/v2\/product\/4245","targetHints":{"allow":["GET"]}}],"collection":[{"href":"https:\/\/marquesestofados.com.br\/loja\/wp-json\/wp\/v2\/product"}],"about":[{"href":"https:\/\/marquesestofados.com.br\/loja\/wp-json\/wp\/v2\/types\/product"}],"replies":[{"embeddable":true,"href":"https:\/\/marquesestofados.com.br\/loja\/wp-json\/wp\/v2\/comments?post=4245"}],"wp:featuredmedia":[{"embeddable":true,"href":"https:\/\/marquesestofados.com.br\/loja\/wp-json\/wp\/v2\/media\/4243"}],"wp:attachment":[{"href":"https:\/\/marquesestofados.com.br\/loja\/wp-json\/wp\/v2\/media?parent=4245"}],"wp:term":[{"taxonomy":"product_cat","embeddable":true,"href":"https:\/\/marquesestofados.com.br\/loja\/wp-json\/wp\/v2\/product_cat?post=4245"},{"taxonomy":"product_tag","embeddable":true,"href":"https:\/\/marquesestofados.com.br\/loja\/wp-json\/wp\/v2\/product_tag?post=4245"}],"curies":[{"name":"wp","href":"https:\/\/api.w.org\/{rel}","templated":true}]}}