{"id":4789,"date":"2022-06-29T13:57:20","date_gmt":"2022-06-29T16:57:20","guid":{"rendered":"https:\/\/marquesestofados.com.br\/loja\/?post_type=product&#038;p=4789"},"modified":"2024-02-03T12:50:38","modified_gmt":"2024-02-03T15:50:38","slug":"luminaria-base-tripe-madeira-castanho-c-cupula-madeira-cor-offwhite-pronta-entrega","status":"publish","type":"product","link":"https:\/\/marquesestofados.com.br\/loja\/produto\/luminaria-base-tripe-madeira-castanho-c-cupula-madeira-cor-offwhite-pronta-entrega\/","title":{"rendered":"OUTLET &#8211; Luminaria Base Tripe Madeira Castanho c\/cupula Madeira Cor OffWhite &#8211; PRONTA ENTREGA"},"content":{"rendered":"","protected":false},"excerpt":{"rendered":"<p>Dar um toque especial na decorar com uma Luminaria. Otima para colocar na sala, quarto ou algum escritorio no estilo mais amadeirado. Al\u00e9m disso, ela pode ser combinacom outras pe\u00e7as de mobili\u00e1rio para deixar o espa\u00e7o mais bonito e com \u00f3tima usabilidade.<\/p>\n","protected":false},"featured_media":5320,"comment_status":"open","ping_status":"closed","template":"","meta":[],"product_cat":[141,181,256,157],"product_tag":[],"class_list":{"0":"post-4789","1":"product","2":"type-product","3":"status-publish","4":"has-post-thumbnail","6":"product_cat-decoracoes","7":"product_cat-decoracoes-outlet","8":"product_cat-luminarias-salas-e-quartos","9":"product_cat-outlet","10":"product_shipping_class-caminhao","12":"first","13":"instock","14":"sale","15":"shipping-taxable","16":"purchasable","17":"product-type-simple","18":"col-xs-6 col-sm-4","19":"col-md-3 col-lg-3","20":"un-4-cols"},"_links":{"self":[{"href":"https:\/\/marquesestofados.com.br\/loja\/wp-json\/wp\/v2\/product\/4789","targetHints":{"allow":["GET"]}}],"collection":[{"href":"https:\/\/marquesestofados.com.br\/loja\/wp-json\/wp\/v2\/product"}],"about":[{"href":"https:\/\/marquesestofados.com.br\/loja\/wp-json\/wp\/v2\/types\/product"}],"replies":[{"embeddable":true,"href":"https:\/\/marquesestofados.com.br\/loja\/wp-json\/wp\/v2\/comments?post=4789"}],"wp:featuredmedia":[{"embeddable":true,"href":"https:\/\/marquesestofados.com.br\/loja\/wp-json\/wp\/v2\/media\/5320"}],"wp:attachment":[{"href":"https:\/\/marquesestofados.com.br\/loja\/wp-json\/wp\/v2\/media?parent=4789"}],"wp:term":[{"taxonomy":"product_cat","embeddable":true,"href":"https:\/\/marquesestofados.com.br\/loja\/wp-json\/wp\/v2\/product_cat?post=4789"},{"taxonomy":"product_tag","embeddable":true,"href":"https:\/\/marquesestofados.com.br\/loja\/wp-json\/wp\/v2\/product_tag?post=4789"}],"curies":[{"name":"wp","href":"https:\/\/api.w.org\/{rel}","templated":true}]}}