{"id":4978,"date":"2022-08-24T15:47:22","date_gmt":"2022-08-24T18:47:22","guid":{"rendered":"https:\/\/marquesestofados.com.br\/loja\/?post_type=product&#038;p=4978"},"modified":"2023-11-24T14:51:28","modified_gmt":"2023-11-24T17:51:28","slug":"sofa-londres-3-lug-200m-veludo-cor-bege-claro-sob-encomenda","status":"publish","type":"product","link":"https:\/\/marquesestofados.com.br\/loja\/produto\/sofa-londres-3-lug-200m-veludo-cor-bege-claro-sob-encomenda\/","title":{"rendered":"Sofa Retratil e Reclinavel Londres 3 Lug 2,00m com Veludo cor Bege Claro &#8211; SOB ENCOMENDA"},"content":{"rendered":"<p>Sof\u00e1 Londres seu prop\u00f3sito e conforto total, com assentos retr\u00e1teis e possuem molas ensacadas com encostos reclin\u00e1veis. \u00c9 perfeito para uma sess\u00e3o de cinema em casa, al\u00e9m de ser muito espa\u00e7oso e resistente para acomodar toda a fam\u00edlia.<\/p>\n<p>**Com USB no\u00a0bra\u00e7o<\/p>\n","protected":false},"excerpt":{"rendered":"<div class=\"woocommerce-product-details__short-description\">\n<p>Sof\u00e1 Londres seu prop\u00f3sito e conforto total, com assentos retr\u00e1teis e possuem molas ensacadas com encostos reclin\u00e1veis.<\/p>\n<\/div>\n<form class=\"cart\" action=\"https:\/\/marquesestofados.com.br\/lojaproduto\/sofa-retratil-2-lugares-exemplo\/\" enctype=\"multipart\/form-data\" method=\"post\">\n<div class=\"quantity\"><\/div>\n<\/form>\n","protected":false},"featured_media":8559,"comment_status":"open","ping_status":"closed","template":"","meta":[],"product_cat":[126,67],"product_tag":[],"class_list":{"0":"post-4978","1":"product","2":"type-product","3":"status-publish","4":"has-post-thumbnail","6":"product_cat-sofa-retratil","7":"product_cat-sofas","8":"product_shipping_class-fabricar-60-dias","10":"first","11":"onbackorder","12":"shipping-taxable","13":"purchasable","14":"product-type-simple","15":"col-xs-6 col-sm-4","16":"col-md-3 col-lg-3","17":"un-4-cols"},"_links":{"self":[{"href":"https:\/\/marquesestofados.com.br\/loja\/wp-json\/wp\/v2\/product\/4978","targetHints":{"allow":["GET"]}}],"collection":[{"href":"https:\/\/marquesestofados.com.br\/loja\/wp-json\/wp\/v2\/product"}],"about":[{"href":"https:\/\/marquesestofados.com.br\/loja\/wp-json\/wp\/v2\/types\/product"}],"replies":[{"embeddable":true,"href":"https:\/\/marquesestofados.com.br\/loja\/wp-json\/wp\/v2\/comments?post=4978"}],"wp:featuredmedia":[{"embeddable":true,"href":"https:\/\/marquesestofados.com.br\/loja\/wp-json\/wp\/v2\/media\/8559"}],"wp:attachment":[{"href":"https:\/\/marquesestofados.com.br\/loja\/wp-json\/wp\/v2\/media?parent=4978"}],"wp:term":[{"taxonomy":"product_cat","embeddable":true,"href":"https:\/\/marquesestofados.com.br\/loja\/wp-json\/wp\/v2\/product_cat?post=4978"},{"taxonomy":"product_tag","embeddable":true,"href":"https:\/\/marquesestofados.com.br\/loja\/wp-json\/wp\/v2\/product_tag?post=4978"}],"curies":[{"name":"wp","href":"https:\/\/api.w.org\/{rel}","templated":true}]}}