{"id":5094,"date":"2022-10-25T20:48:01","date_gmt":"2022-10-25T23:48:01","guid":{"rendered":"https:\/\/marquesestofados.com.br\/loja\/?post_type=product&#038;p=5094"},"modified":"2025-03-05T09:20:34","modified_gmt":"2025-03-05T12:20:34","slug":"sofa-quebec-c-botone-canto-3xctox2-tamanho-235x300cm-tecido-veludo-sob-encomenda","status":"publish","type":"product","link":"https:\/\/marquesestofados.com.br\/loja\/produto\/sofa-quebec-c-botone-canto-3xctox2-tamanho-235x300cm-tecido-veludo-sob-encomenda\/","title":{"rendered":"Sof\u00e1 Living De Canto Modelo Quebec no formato 3xctox2 Tamanho 235x300cm Tecido Veludo\/Suede ou Linho (CORES) &#8211; SOB ENCOMENDA"},"content":{"rendered":"","protected":false},"excerpt":{"rendered":"<div class=\"woocommerce-product-details__short-description\">\n<p>Sof\u00e1 Quebec \u00e9 uma pe\u00e7a super vers\u00e1til e combina com tudo . Tem assentos ergon\u00f4micos e macios almofadas soltas no encosto em fibra siliconada . Lindo revestimento em veludo que deixa muito elegante.<\/p>\n<\/div>\n<form class=\"cart\" action=\"https:\/\/marquesestofados.com.br\/lojaproduto\/sofa-retratil-2-lugares-exemplo\/\" enctype=\"multipart\/form-data\" method=\"post\">\n<div class=\"quantity\"><\/div>\n<\/form>\n","protected":false},"featured_media":16103,"comment_status":"open","ping_status":"closed","template":"","meta":[],"product_cat":[236,127,67],"product_tag":[],"class_list":{"0":"post-5094","1":"product","2":"type-product","3":"status-publish","4":"has-post-thumbnail","6":"product_cat-sofa-de-canto","7":"product_cat-sofa-living","8":"product_cat-sofas","9":"product_shipping_class-fabricar-30-dias","11":"first","12":"onbackorder","13":"shipping-taxable","14":"purchasable","15":"product-type-variable","16":"col-xs-6 col-sm-4","17":"col-md-3 col-lg-3","18":"un-4-cols"},"_links":{"self":[{"href":"https:\/\/marquesestofados.com.br\/loja\/wp-json\/wp\/v2\/product\/5094","targetHints":{"allow":["GET"]}}],"collection":[{"href":"https:\/\/marquesestofados.com.br\/loja\/wp-json\/wp\/v2\/product"}],"about":[{"href":"https:\/\/marquesestofados.com.br\/loja\/wp-json\/wp\/v2\/types\/product"}],"replies":[{"embeddable":true,"href":"https:\/\/marquesestofados.com.br\/loja\/wp-json\/wp\/v2\/comments?post=5094"}],"wp:featuredmedia":[{"embeddable":true,"href":"https:\/\/marquesestofados.com.br\/loja\/wp-json\/wp\/v2\/media\/16103"}],"wp:attachment":[{"href":"https:\/\/marquesestofados.com.br\/loja\/wp-json\/wp\/v2\/media?parent=5094"}],"wp:term":[{"taxonomy":"product_cat","embeddable":true,"href":"https:\/\/marquesestofados.com.br\/loja\/wp-json\/wp\/v2\/product_cat?post=5094"},{"taxonomy":"product_tag","embeddable":true,"href":"https:\/\/marquesestofados.com.br\/loja\/wp-json\/wp\/v2\/product_tag?post=5094"}],"curies":[{"name":"wp","href":"https:\/\/api.w.org\/{rel}","templated":true}]}}