{"id":6600,"date":"2023-01-04T15:53:10","date_gmt":"2023-01-04T18:53:10","guid":{"rendered":"https:\/\/marquesestofados.com.br\/loja\/?post_type=product&#038;p=6600"},"modified":"2024-08-26T14:36:50","modified_gmt":"2024-08-26T17:36:50","slug":"sofa-cama-family-190m-tecido-veludo-fendi-offwhite-sob-encomenda","status":"publish","type":"product","link":"https:\/\/marquesestofados.com.br\/loja\/produto\/sofa-cama-family-190m-tecido-veludo-fendi-offwhite-sob-encomenda\/","title":{"rendered":"Sofa Cama Modelo Family Tamanho 1,90m Tecido Veludo cor Fendi\/Offwhite &#8211; SOB ENCOMENDA"},"content":{"rendered":"","protected":false},"excerpt":{"rendered":"<p>Sof\u00e1 cama, perfeito para espa\u00e7os pequenos sem braco e f\u00e1cil de abrir. Seu uso de cama excelente para eventualidade, visitas.<\/p>\n<p>Tamanho: Largura 1,90m x Prof fechado 90cm \/ 1,40m (aberto) x Altura 95cm<\/p>\n<p>Obs: Tecido do sofa na foto IC-02<\/p>\n<p>***Almofadas Decorativas OPCIONAL<\/p>\n","protected":false},"featured_media":15460,"comment_status":"open","ping_status":"closed","template":"","meta":[],"product_cat":[125,67],"product_tag":[66],"class_list":{"0":"post-6600","1":"product","2":"type-product","3":"status-publish","4":"has-post-thumbnail","6":"product_cat-sofa-cama","7":"product_cat-sofas","8":"product_tag-sofa","9":"product_shipping_class-fabricar-60-dias","11":"first","12":"onbackorder","13":"shipping-taxable","14":"purchasable","15":"product-type-simple","16":"col-xs-6 col-sm-4","17":"col-md-3 col-lg-3","18":"un-4-cols"},"_links":{"self":[{"href":"https:\/\/marquesestofados.com.br\/loja\/wp-json\/wp\/v2\/product\/6600","targetHints":{"allow":["GET"]}}],"collection":[{"href":"https:\/\/marquesestofados.com.br\/loja\/wp-json\/wp\/v2\/product"}],"about":[{"href":"https:\/\/marquesestofados.com.br\/loja\/wp-json\/wp\/v2\/types\/product"}],"replies":[{"embeddable":true,"href":"https:\/\/marquesestofados.com.br\/loja\/wp-json\/wp\/v2\/comments?post=6600"}],"wp:featuredmedia":[{"embeddable":true,"href":"https:\/\/marquesestofados.com.br\/loja\/wp-json\/wp\/v2\/media\/15460"}],"wp:attachment":[{"href":"https:\/\/marquesestofados.com.br\/loja\/wp-json\/wp\/v2\/media?parent=6600"}],"wp:term":[{"taxonomy":"product_cat","embeddable":true,"href":"https:\/\/marquesestofados.com.br\/loja\/wp-json\/wp\/v2\/product_cat?post=6600"},{"taxonomy":"product_tag","embeddable":true,"href":"https:\/\/marquesestofados.com.br\/loja\/wp-json\/wp\/v2\/product_tag?post=6600"}],"curies":[{"name":"wp","href":"https:\/\/api.w.org\/{rel}","templated":true}]}}