{"id":7722,"date":"2023-04-15T13:47:59","date_gmt":"2023-04-15T16:47:59","guid":{"rendered":"https:\/\/marquesestofados.com.br\/loja\/?post_type=product&#038;p=7722"},"modified":"2023-11-24T15:40:15","modified_gmt":"2023-11-24T18:40:15","slug":"recamier-banco-puff-casablanca-140m-tecido-linho-cor-cru-c-cintas-e-pes-cor-madeira-sob-encomenda","status":"publish","type":"product","link":"https:\/\/marquesestofados.com.br\/loja\/produto\/recamier-banco-puff-casablanca-140m-tecido-linho-cor-cru-c-cintas-e-pes-cor-madeira-sob-encomenda\/","title":{"rendered":"Recamier Banco Puff Casablanca 1,40m Tecido Linho Cor Cru c\/Cintas e pes Cor Madeira &#8211; SOB ENCOMENDA"},"content":{"rendered":"","protected":false},"excerpt":{"rendered":"<p>Recamier Banco Puff Casablanca deixa seu ambiente com mais conforto. Excelente para separar ambientes ou colocar no p\u00e9 da cama. Detalhes com fivela e couro ecol\u00f3gico, base de madeira e p\u00e9 alto, combina\u00e7\u00e3o com um tecido linho claro.<\/p>\n","protected":false},"featured_media":5232,"comment_status":"open","ping_status":"closed","template":"","meta":[],"product_cat":[115,139],"product_tag":[],"class_list":{"0":"post-7722","1":"product","2":"type-product","3":"status-publish","4":"has-post-thumbnail","6":"product_cat-puffs","7":"product_cat-recamier-banco","8":"product_shipping_class-fabricar-60-dias","10":"first","11":"onbackorder","12":"shipping-taxable","13":"purchasable","14":"product-type-simple","15":"col-xs-6 col-sm-4","16":"col-md-3 col-lg-3","17":"un-4-cols"},"_links":{"self":[{"href":"https:\/\/marquesestofados.com.br\/loja\/wp-json\/wp\/v2\/product\/7722","targetHints":{"allow":["GET"]}}],"collection":[{"href":"https:\/\/marquesestofados.com.br\/loja\/wp-json\/wp\/v2\/product"}],"about":[{"href":"https:\/\/marquesestofados.com.br\/loja\/wp-json\/wp\/v2\/types\/product"}],"replies":[{"embeddable":true,"href":"https:\/\/marquesestofados.com.br\/loja\/wp-json\/wp\/v2\/comments?post=7722"}],"wp:featuredmedia":[{"embeddable":true,"href":"https:\/\/marquesestofados.com.br\/loja\/wp-json\/wp\/v2\/media\/5232"}],"wp:attachment":[{"href":"https:\/\/marquesestofados.com.br\/loja\/wp-json\/wp\/v2\/media?parent=7722"}],"wp:term":[{"taxonomy":"product_cat","embeddable":true,"href":"https:\/\/marquesestofados.com.br\/loja\/wp-json\/wp\/v2\/product_cat?post=7722"},{"taxonomy":"product_tag","embeddable":true,"href":"https:\/\/marquesestofados.com.br\/loja\/wp-json\/wp\/v2\/product_tag?post=7722"}],"curies":[{"name":"wp","href":"https:\/\/api.w.org\/{rel}","templated":true}]}}