{"id":8042,"date":"2023-05-20T17:55:16","date_gmt":"2023-05-20T20:55:16","guid":{"rendered":"https:\/\/marquesestofados.com.br\/loja\/?post_type=product&#038;p=8042"},"modified":"2023-11-24T15:04:31","modified_gmt":"2023-11-24T18:04:31","slug":"poltrona-lola-tecido-veludo-cor-rose-com-base-pes-de-madeira-clara-sob-encomenda","status":"publish","type":"product","link":"https:\/\/marquesestofados.com.br\/loja\/produto\/poltrona-lola-tecido-veludo-cor-rose-com-base-pes-de-madeira-clara-sob-encomenda\/","title":{"rendered":"Poltrona Lola Tecido Veludo cor Rose com Base\/Pes de Madeira Clara &#8211; SOB ENCOMENDA"},"content":{"rendered":"<p>Poltrona Lola, revestida em tecido com botone nos acabamentos deixando uma sofistica\u00e7\u00e3o e eleg\u00e2ncia na base em madeira com conforto encosto alto com a delicadeza de um tecido em combina\u00e7\u00e3o com a madeira. Tecido veludo rose com base de madeira clara. C\u00f3digo do tecido: Veludo Rose -1846D<\/p>\n","protected":false},"excerpt":{"rendered":"<p>Poltrona Lola, revestida em tecido com botone nos acabamentos e base de madeira.<\/p>\n","protected":false},"featured_media":8056,"comment_status":"open","ping_status":"closed","template":"","meta":[],"product_cat":[234,113],"product_tag":[],"class_list":{"0":"post-8042","1":"product","2":"type-product","3":"status-publish","4":"has-post-thumbnail","6":"product_cat-poltrona-base-madeira","7":"product_cat-poltronas","8":"product_shipping_class-fabricar-60-dias","10":"first","11":"onbackorder","12":"downloadable","13":"shipping-taxable","14":"purchasable","15":"product-type-simple","16":"col-xs-6 col-sm-4","17":"col-md-3 col-lg-3","18":"un-4-cols"},"_links":{"self":[{"href":"https:\/\/marquesestofados.com.br\/loja\/wp-json\/wp\/v2\/product\/8042","targetHints":{"allow":["GET"]}}],"collection":[{"href":"https:\/\/marquesestofados.com.br\/loja\/wp-json\/wp\/v2\/product"}],"about":[{"href":"https:\/\/marquesestofados.com.br\/loja\/wp-json\/wp\/v2\/types\/product"}],"replies":[{"embeddable":true,"href":"https:\/\/marquesestofados.com.br\/loja\/wp-json\/wp\/v2\/comments?post=8042"}],"wp:featuredmedia":[{"embeddable":true,"href":"https:\/\/marquesestofados.com.br\/loja\/wp-json\/wp\/v2\/media\/8056"}],"wp:attachment":[{"href":"https:\/\/marquesestofados.com.br\/loja\/wp-json\/wp\/v2\/media?parent=8042"}],"wp:term":[{"taxonomy":"product_cat","embeddable":true,"href":"https:\/\/marquesestofados.com.br\/loja\/wp-json\/wp\/v2\/product_cat?post=8042"},{"taxonomy":"product_tag","embeddable":true,"href":"https:\/\/marquesestofados.com.br\/loja\/wp-json\/wp\/v2\/product_tag?post=8042"}],"curies":[{"name":"wp","href":"https:\/\/api.w.org\/{rel}","templated":true}]}}