{"id":8798,"date":"2023-06-20T15:08:07","date_gmt":"2023-06-20T18:08:07","guid":{"rendered":"https:\/\/marquesestofados.com.br\/loja\/?post_type=product&#038;p=8798"},"modified":"2023-11-24T15:04:19","modified_gmt":"2023-11-24T18:04:19","slug":"poltrona-antonella-tecido-linho-cor-cinza-prata-com-base-e-bracos-de-madeira-clara-sob-encomenda","status":"publish","type":"product","link":"https:\/\/marquesestofados.com.br\/loja\/produto\/poltrona-antonella-tecido-linho-cor-cinza-prata-com-base-e-bracos-de-madeira-clara-sob-encomenda\/","title":{"rendered":"Poltrona Antonella Tecido Linho Cor Cinza Prata com Base e Bracos de Madeira Clara &#8211; SOB ENCOMENDA"},"content":{"rendered":"<p>Poltronas Antonella, eleg\u00e2ncia com bra\u00e7os e p\u00e9s em madeira com conforto encosto m\u00e9dio com a delicadeza de um tecido em combina\u00e7\u00e3o com base de madeira clara. C\u00f3digo do tecido: Algod\u00e3o-1464-D<\/p>\n","protected":false},"excerpt":{"rendered":"<div class=\"woocommerce-product-details__short-description\">\n<p>Poltronas Antonella, eleg\u00e2ncia com bra\u00e7os e p\u00e9s em madeira com conforto encosto m\u00e9dio.<\/p>\n<\/div>\n","protected":false},"featured_media":8799,"comment_status":"open","ping_status":"closed","template":"","meta":[],"product_cat":[234,113],"product_tag":[],"class_list":{"0":"post-8798","1":"product","2":"type-product","3":"status-publish","4":"has-post-thumbnail","6":"product_cat-poltrona-base-madeira","7":"product_cat-poltronas","8":"product_shipping_class-fabricar-60-dias","10":"first","11":"onbackorder","12":"downloadable","13":"shipping-taxable","14":"purchasable","15":"product-type-simple","16":"col-xs-6 col-sm-4","17":"col-md-3 col-lg-3","18":"un-4-cols"},"_links":{"self":[{"href":"https:\/\/marquesestofados.com.br\/loja\/wp-json\/wp\/v2\/product\/8798","targetHints":{"allow":["GET"]}}],"collection":[{"href":"https:\/\/marquesestofados.com.br\/loja\/wp-json\/wp\/v2\/product"}],"about":[{"href":"https:\/\/marquesestofados.com.br\/loja\/wp-json\/wp\/v2\/types\/product"}],"replies":[{"embeddable":true,"href":"https:\/\/marquesestofados.com.br\/loja\/wp-json\/wp\/v2\/comments?post=8798"}],"wp:featuredmedia":[{"embeddable":true,"href":"https:\/\/marquesestofados.com.br\/loja\/wp-json\/wp\/v2\/media\/8799"}],"wp:attachment":[{"href":"https:\/\/marquesestofados.com.br\/loja\/wp-json\/wp\/v2\/media?parent=8798"}],"wp:term":[{"taxonomy":"product_cat","embeddable":true,"href":"https:\/\/marquesestofados.com.br\/loja\/wp-json\/wp\/v2\/product_cat?post=8798"},{"taxonomy":"product_tag","embeddable":true,"href":"https:\/\/marquesestofados.com.br\/loja\/wp-json\/wp\/v2\/product_tag?post=8798"}],"curies":[{"name":"wp","href":"https:\/\/api.w.org\/{rel}","templated":true}]}}