{"id":8970,"date":"2023-06-30T07:48:46","date_gmt":"2023-06-30T10:48:46","guid":{"rendered":"https:\/\/marquesestofados.com.br\/loja\/?post_type=product&#038;p=8970"},"modified":"2023-11-24T15:39:51","modified_gmt":"2023-11-24T18:39:51","slug":"jogo-banco-puff-ravi-couro-ecologico-c-base-aco-carbono-sob-encomenda","status":"publish","type":"product","link":"https:\/\/marquesestofados.com.br\/loja\/produto\/jogo-banco-puff-ravi-couro-ecologico-c-base-aco-carbono-sob-encomenda\/","title":{"rendered":"Jogo Banco Puff Ravi Couro Ecol\u00f3gico c\/Base A\u00e7o Carbono &#8211; SOB ENCOMENDA"},"content":{"rendered":"<p>Jogo Banco Puff Ravi Couro Ecol\u00f3gico em capiton\u00ea com base A\u00e7o Carbono deixa seu ambiente com mais conforto pode ser usado como puff. Complemento para sua sala. C\u00f3digo Tecido: Vegan Conhaque-C<\/p>\n","protected":false},"excerpt":{"rendered":"<p>Jogo Banco Puff Ravi Couro Ecol\u00f3gico c\/Base A\u00e7o Carbono deixa seu ambiente com mais conforto pode ser usado como puff. Complemento para sua sala.<\/p>\n","protected":false},"featured_media":8971,"comment_status":"open","ping_status":"closed","template":"","meta":[],"product_cat":[247,115],"product_tag":[],"class_list":{"0":"post-8970","1":"product","2":"type-product","3":"status-publish","4":"has-post-thumbnail","6":"product_cat-puff-banco","7":"product_cat-puffs","8":"product_shipping_class-fabricar-60-dias","10":"first","11":"onbackorder","12":"shipping-taxable","13":"purchasable","14":"product-type-simple","15":"col-xs-6 col-sm-4","16":"col-md-3 col-lg-3","17":"un-4-cols"},"_links":{"self":[{"href":"https:\/\/marquesestofados.com.br\/loja\/wp-json\/wp\/v2\/product\/8970","targetHints":{"allow":["GET"]}}],"collection":[{"href":"https:\/\/marquesestofados.com.br\/loja\/wp-json\/wp\/v2\/product"}],"about":[{"href":"https:\/\/marquesestofados.com.br\/loja\/wp-json\/wp\/v2\/types\/product"}],"replies":[{"embeddable":true,"href":"https:\/\/marquesestofados.com.br\/loja\/wp-json\/wp\/v2\/comments?post=8970"}],"wp:featuredmedia":[{"embeddable":true,"href":"https:\/\/marquesestofados.com.br\/loja\/wp-json\/wp\/v2\/media\/8971"}],"wp:attachment":[{"href":"https:\/\/marquesestofados.com.br\/loja\/wp-json\/wp\/v2\/media?parent=8970"}],"wp:term":[{"taxonomy":"product_cat","embeddable":true,"href":"https:\/\/marquesestofados.com.br\/loja\/wp-json\/wp\/v2\/product_cat?post=8970"},{"taxonomy":"product_tag","embeddable":true,"href":"https:\/\/marquesestofados.com.br\/loja\/wp-json\/wp\/v2\/product_tag?post=8970"}],"curies":[{"name":"wp","href":"https:\/\/api.w.org\/{rel}","templated":true}]}}