{"id":9491,"date":"2023-07-29T08:03:07","date_gmt":"2023-07-29T11:03:07","guid":{"rendered":"https:\/\/marquesestofados.com.br\/loja\/?post_type=product&#038;p=9491"},"modified":"2023-11-24T15:03:02","modified_gmt":"2023-11-24T18:03:02","slug":"poltrona-laura-giratorio-tecido-linho-cor-acinzentado-e-base-aco-carbono-cor-madeira-nosce-sob-encomenda","status":"publish","type":"product","link":"https:\/\/marquesestofados.com.br\/loja\/produto\/poltrona-laura-giratorio-tecido-linho-cor-acinzentado-e-base-aco-carbono-cor-madeira-nosce-sob-encomenda\/","title":{"rendered":"Poltrona Laura Giratorio Tecido Linho cor Acinzentado e Base A\u00e7o Carbono cor Madeira Nosce &#8211; SOB ENCOMENDA"},"content":{"rendered":"<p>Poltrona confort\u00e1vel e resistente estilo concha em multilaminado anat\u00f4mico ao peso da pessoa com base de p\u00e9s girat\u00f3ria com conforto encosto m\u00e9dio com a delicadeza de um tecido em combina\u00e7\u00e3o com a base de ferro laminado em cor madeira. Material linho com base de a\u00e7o carbono girat\u00f3rio.<\/p>\n","protected":false},"excerpt":{"rendered":"<div class=\"woocommerce-product-details__short-description\">\n<p>Poltrona confort\u00e1vel e resistente estilo concha em multilaminado anat\u00f4mico ao peso da pessoa com base de p\u00e9s girat\u00f3ria com conforto encosto m\u00e9dio.<\/p>\n<\/div>\n","protected":false},"featured_media":9493,"comment_status":"open","ping_status":"closed","template":"","meta":[],"product_cat":[232,113],"product_tag":[],"class_list":{"0":"post-9491","1":"product","2":"type-product","3":"status-publish","4":"has-post-thumbnail","6":"product_cat-poltrona-base-aco-metalon","7":"product_cat-poltronas","8":"product_shipping_class-fabricar-60-dias","10":"first","11":"onbackorder","12":"downloadable","13":"shipping-taxable","14":"purchasable","15":"product-type-simple","16":"col-xs-6 col-sm-4","17":"col-md-3 col-lg-3","18":"un-4-cols"},"_links":{"self":[{"href":"https:\/\/marquesestofados.com.br\/loja\/wp-json\/wp\/v2\/product\/9491","targetHints":{"allow":["GET"]}}],"collection":[{"href":"https:\/\/marquesestofados.com.br\/loja\/wp-json\/wp\/v2\/product"}],"about":[{"href":"https:\/\/marquesestofados.com.br\/loja\/wp-json\/wp\/v2\/types\/product"}],"replies":[{"embeddable":true,"href":"https:\/\/marquesestofados.com.br\/loja\/wp-json\/wp\/v2\/comments?post=9491"}],"wp:featuredmedia":[{"embeddable":true,"href":"https:\/\/marquesestofados.com.br\/loja\/wp-json\/wp\/v2\/media\/9493"}],"wp:attachment":[{"href":"https:\/\/marquesestofados.com.br\/loja\/wp-json\/wp\/v2\/media?parent=9491"}],"wp:term":[{"taxonomy":"product_cat","embeddable":true,"href":"https:\/\/marquesestofados.com.br\/loja\/wp-json\/wp\/v2\/product_cat?post=9491"},{"taxonomy":"product_tag","embeddable":true,"href":"https:\/\/marquesestofados.com.br\/loja\/wp-json\/wp\/v2\/product_tag?post=9491"}],"curies":[{"name":"wp","href":"https:\/\/api.w.org\/{rel}","templated":true}]}}