{"id":9584,"date":"2023-08-14T20:25:07","date_gmt":"2023-08-14T23:25:07","guid":{"rendered":"https:\/\/marquesestofados.com.br\/loja\/?post_type=product&#038;p=9584"},"modified":"2023-11-24T14:08:30","modified_gmt":"2023-11-24T17:08:30","slug":"sofa-retratil-e-reclinavel-barcelona-com-pillow-on-top-6-lug-320m-com-tecido-veludo-cor-castor-sob-encomenda","status":"publish","type":"product","link":"https:\/\/marquesestofados.com.br\/loja\/produto\/sofa-retratil-e-reclinavel-barcelona-com-pillow-on-top-6-lug-320m-com-tecido-veludo-cor-castor-sob-encomenda\/","title":{"rendered":"Sofa Retratil e Reclinavel Barcelona com Pillow on Top 6 Lug 3,20m com Tecido Veludo cor Castor &#8211; SOB ENCOMENDA"},"content":{"rendered":"<p>Sof\u00e1 Barcelona \u00e9 \u00f3timo para acomodar as visitas, com espumas firmes nos assentos com molas ensacadas com estruturas resistentes. \u00d3timo para pequenos espa\u00e7os, sendo sof\u00e1 retr\u00e1til para sala de tv. \u00c9 perfeito para uma sess\u00e3o de cinema em casa, al\u00e9m de ser muito espa\u00e7oso e resistente para acomodar toda a fam\u00edlia.<\/p>\n","protected":false},"excerpt":{"rendered":"<div class=\"woocommerce-product-details__short-description\">\n<p>Sof\u00e1 Barcelona \u00e9 \u00f3timo para acomodar as visitas, com espumas firmes nos assentos com molas ensacadas com estruturas resistentes.<\/p>\n<\/div>\n<form class=\"cart\" action=\"https:\/\/marquesestofados.com.br\/lojaproduto\/sofa-retratil-2-lugares-exemplo\/\" enctype=\"multipart\/form-data\" method=\"post\">\n<div class=\"quantity\"><\/div>\n<\/form>\n","protected":false},"featured_media":9586,"comment_status":"open","ping_status":"closed","template":"","meta":[],"product_cat":[126,67],"product_tag":[],"class_list":{"0":"post-9584","1":"product","2":"type-product","3":"status-publish","4":"has-post-thumbnail","6":"product_cat-sofa-retratil","7":"product_cat-sofas","8":"product_shipping_class-fabricar-60-dias","10":"first","11":"onbackorder","12":"shipping-taxable","13":"purchasable","14":"product-type-simple","15":"col-xs-6 col-sm-4","16":"col-md-3 col-lg-3","17":"un-4-cols"},"_links":{"self":[{"href":"https:\/\/marquesestofados.com.br\/loja\/wp-json\/wp\/v2\/product\/9584","targetHints":{"allow":["GET"]}}],"collection":[{"href":"https:\/\/marquesestofados.com.br\/loja\/wp-json\/wp\/v2\/product"}],"about":[{"href":"https:\/\/marquesestofados.com.br\/loja\/wp-json\/wp\/v2\/types\/product"}],"replies":[{"embeddable":true,"href":"https:\/\/marquesestofados.com.br\/loja\/wp-json\/wp\/v2\/comments?post=9584"}],"wp:featuredmedia":[{"embeddable":true,"href":"https:\/\/marquesestofados.com.br\/loja\/wp-json\/wp\/v2\/media\/9586"}],"wp:attachment":[{"href":"https:\/\/marquesestofados.com.br\/loja\/wp-json\/wp\/v2\/media?parent=9584"}],"wp:term":[{"taxonomy":"product_cat","embeddable":true,"href":"https:\/\/marquesestofados.com.br\/loja\/wp-json\/wp\/v2\/product_cat?post=9584"},{"taxonomy":"product_tag","embeddable":true,"href":"https:\/\/marquesestofados.com.br\/loja\/wp-json\/wp\/v2\/product_tag?post=9584"}],"curies":[{"name":"wp","href":"https:\/\/api.w.org\/{rel}","templated":true}]}}